{"id":979,"date":"2014-11-14T13:12:40","date_gmt":"2014-11-14T18:12:40","guid":{"rendered":"http:\/\/resound.pilotstage.com\/contact-2\/"},"modified":"2025-02-05T15:49:44","modified_gmt":"2025-02-05T20:49:44","slug":"contact","status":"publish","type":"page","link":"https:\/\/www.resound.ca\/fr\/contact\/","title":{"rendered":"Contact"},"content":{"rendered":"<p>Nos bureaux sont situ\u00e9s dans le quartier Yorkville \u00e0 Toronto, le lieu de naissance de la sc\u00e8ne musicale canadienne.<\/p>\n<p>Dans les ann\u00e9es 1960, Yorkville \u00e9tait la sc\u00e8ne de l\u00e9gendes de la musique canadienne comme Gordon Lightfoot, Ian &amp; Sylvia, Joni Mitchell, Murray McLauchlan, Neil Young, Steppenwolf, et bien d&rsquo;autres. Nos bureaux sont situ\u00e9s \u00e0 quelques pas du c\u00e9l\u00e8bre Riverboat Coffee House o\u00f9 se sont produits un tr\u00e8s grand nombre d&rsquo;artistes, de Big Mama Thornton \u00e0 Buddy Guy.<\/p>\n<p>&nbsp;<\/p>\n<p><strong>R\u00e9:Sonne reconna\u00eet avoir \u00e9t\u00e9 fond\u00e9e sur le territoire de nombreuses Premi\u00e8res nations, notamment ceux des Mississaugas de la rivi\u00e8re Cr\u00e9dit, de la nation Anishinabek, de la nation Chippewas, du peuple Haudenosaunee et du peuple Wendat, sur lesquels cohabitent aujourd\u2019hui de nombreux membres des Premi\u00e8res nations, des Inuits et des M\u00e9tis.\u00a0<\/strong><\/p>\n<p><strong>M\u00eame si nous sommes une \u00e9quipe h\u00e9t\u00e9rog\u00e8ne et qu\u2019une bonne partie de notre travail se fait en ligne, la reconnaissance de cet \u00e9tat de choses est importante pour nous dans le cadre de nos efforts de r\u00e9conciliation. R\u00e9:Sonne encourage ses \u00e9quipes, ses clients et ses associ\u00e9s \u00e0 se familiariser davantage avec l\u2019histoire du territoire que nous partageons tous. <\/strong><\/p>\n","protected":false},"excerpt":{"rendered":"<p>Nos bureaux sont situ\u00e9s dans le quartier Yorkville \u00e0 Toronto, le lieu de naissance de la sc\u00e8ne musicale canadienne. Dans les ann\u00e9es 1960, Yorkville \u00e9tait la sc\u00e8ne de l\u00e9gendes de la musique canadienne comme Gordon Lightfoot, Ian &amp; Sylvia, Joni Mitchell, Murray McLauchlan, Neil Young, Steppenwolf, et bien d&rsquo;autres. Nos bureaux sont situ\u00e9s \u00e0 quelques [&hellip;]<\/p>\n","protected":false},"author":15,"featured_media":0,"parent":0,"menu_order":0,"comment_status":"closed","ping_status":"open","template":"page-contact.php","meta":{"footnotes":""},"class_list":["post-979","page","type-page","status-publish","hentry"],"aioseo_notices":[],"_links":{"self":[{"href":"https:\/\/www.resound.ca\/fr\/wp-json\/wp\/v2\/pages\/979","targetHints":{"allow":["GET"]}}],"collection":[{"href":"https:\/\/www.resound.ca\/fr\/wp-json\/wp\/v2\/pages"}],"about":[{"href":"https:\/\/www.resound.ca\/fr\/wp-json\/wp\/v2\/types\/page"}],"author":[{"embeddable":true,"href":"https:\/\/www.resound.ca\/fr\/wp-json\/wp\/v2\/users\/15"}],"replies":[{"embeddable":true,"href":"https:\/\/www.resound.ca\/fr\/wp-json\/wp\/v2\/comments?post=979"}],"version-history":[{"count":4,"href":"https:\/\/www.resound.ca\/fr\/wp-json\/wp\/v2\/pages\/979\/revisions"}],"predecessor-version":[{"id":6380,"href":"https:\/\/www.resound.ca\/fr\/wp-json\/wp\/v2\/pages\/979\/revisions\/6380"}],"wp:attachment":[{"href":"https:\/\/www.resound.ca\/fr\/wp-json\/wp\/v2\/media?parent=979"}],"curies":[{"name":"wp","href":"https:\/\/api.w.org\/{rel}","templated":true}]}}