{"id":958,"date":"2014-11-14T13:11:17","date_gmt":"2014-11-14T18:11:17","guid":{"rendered":"http:\/\/resound.pilotstage.com\/record-labels-2\/"},"modified":"2019-01-14T17:46:11","modified_gmt":"2019-01-14T22:46:11","slug":"record-labels","status":"publish","type":"page","link":"https:\/\/www.resound.ca\/fr\/record-labels\/","title":{"rendered":"Producteurs de disques"},"content":{"rendered":"<p>Si vous avez enregistr\u00e9 de la musique qui a \u00e9t\u00e9 diffus\u00e9e en public, vous avez peut-\u00eatre droit \u00e0 des redevances de R\u00e9:Sonne. Pour toucher ces redevances, vous pouvez vous inscrire aupr\u00e8s de R\u00e9:Sonne ou d\u2019une de nos deux organisations membres qui repr\u00e9sentent les producteurs de disques (<a href=\"https:\/\/www.connectmusic.ca\">CONNECT<\/a> ou la <a href=\"http:\/\/www.soproq.org\/en\/\">SOPROQ<\/a>).<\/p>\n<p>Apr\u00e8s votre inscription avec l\u2019organisation de votre choix, vous devez soumettre votre r\u00e9pertoire avant de pouvoir r\u00e9clamer vos redevances.<\/p>\n<p>Ce ne sont pas tous les enregistrements sonores qui sont admissibles aux redevances. <a href=\"http:\/\/laws-lois.justice.gc.ca\/fra\/lois\/C-42\/page-12.html\" target=\"_blank\" rel=\"noopener noreferrer\">Certaines conditions s\u2019appliquent<\/a>.<\/p>\n<p>Consultez notre\u00a0<a href=\"http:\/\/resound.pilotstage.com\/music-creators\/database\/\">base de donn\u00e9es<\/a> pour trouver les titres\u00a0auxquelles vous avez particip\u00e9 ou qui vous appartiennent. Si votre pi\u00e8ce s&rsquo;affiche, alors vous avez peut-\u00eatre droit \u00e0 des redevances.<\/p>\n","protected":false},"excerpt":{"rendered":"<p>Si vous avez enregistr\u00e9 de la musique qui a \u00e9t\u00e9 diffus\u00e9e en public, vous avez peut-\u00eatre droit \u00e0 des redevances de R\u00e9:Sonne. Pour toucher ces redevances, vous pouvez vous inscrire aupr\u00e8s de R\u00e9:Sonne ou d\u2019une de nos deux organisations membres qui repr\u00e9sentent les producteurs de disques (CONNECT ou la SOPROQ). Apr\u00e8s votre inscription avec l\u2019organisation [&hellip;]<\/p>\n","protected":false},"author":15,"featured_media":0,"parent":0,"menu_order":0,"comment_status":"closed","ping_status":"open","template":"page-record-labels.php","meta":{"footnotes":""},"class_list":["post-958","page","type-page","status-publish","hentry"],"aioseo_notices":[],"_links":{"self":[{"href":"https:\/\/www.resound.ca\/fr\/wp-json\/wp\/v2\/pages\/958","targetHints":{"allow":["GET"]}}],"collection":[{"href":"https:\/\/www.resound.ca\/fr\/wp-json\/wp\/v2\/pages"}],"about":[{"href":"https:\/\/www.resound.ca\/fr\/wp-json\/wp\/v2\/types\/page"}],"author":[{"embeddable":true,"href":"https:\/\/www.resound.ca\/fr\/wp-json\/wp\/v2\/users\/15"}],"replies":[{"embeddable":true,"href":"https:\/\/www.resound.ca\/fr\/wp-json\/wp\/v2\/comments?post=958"}],"version-history":[{"count":1,"href":"https:\/\/www.resound.ca\/fr\/wp-json\/wp\/v2\/pages\/958\/revisions"}],"predecessor-version":[{"id":4683,"href":"https:\/\/www.resound.ca\/fr\/wp-json\/wp\/v2\/pages\/958\/revisions\/4683"}],"wp:attachment":[{"href":"https:\/\/www.resound.ca\/fr\/wp-json\/wp\/v2\/media?parent=958"}],"curies":[{"name":"wp","href":"https:\/\/api.w.org\/{rel}","templated":true}]}}