{"id":954,"date":"2014-11-14T13:10:48","date_gmt":"2014-11-14T18:10:48","guid":{"rendered":"http:\/\/resound.pilotstage.com\/artists-2\/"},"modified":"2020-04-21T16:06:21","modified_gmt":"2020-04-21T20:06:21","slug":"artists","status":"publish","type":"page","link":"https:\/\/www.resound.ca\/fr\/artists\/","title":{"rendered":"Artistes"},"content":{"rendered":"<p>Si vous avez ex\u00e9cut\u00e9 de la musique qui a \u00e9t\u00e9 enregistr\u00e9e (comme t\u00eate d\u2019affiche ou comme interpr\u00e8te de second plan), vous avez peut-\u00eatre droit \u00e0 des redevances de R\u00e9:Sonne. Pour toucher ces redevances, vous pouvez vous inscrire aupr\u00e8s de R\u00e9:Sonne ou d\u2019une de nos trois organisations membres qui repr\u00e9sentent les artistes (<a href=\"https:\/\/actraracs.ca\/\">ACTRA\u00a0RACS<\/a>, <a href=\"https:\/\/www.artisti.ca\/\">Artisti<\/a> ou <a href=\"https:\/\/musiciansrights.ca\/en\/?lang=fr\">MROC<\/a>). Apr\u00e8s votre inscription avec l\u2019organisation de votre choix, vous devez soumettre votre r\u00e9pertoire avant de pouvoir r\u00e9clamer vos redevances.<\/p>\n<p>Ce ne sont pas tous les enregistrements sonores qui sont admissibles aux redevances. <a href=\"http:\/\/laws-lois.justice.gc.ca\/fra\/lois\/C-42\/page-12.html\" target=\"_blank\" rel=\"noopener noreferrer\">Certaines conditions s\u2019appliquent<\/a>.<\/p>\n<p style=\"text-align: left;\">Consultez notre\u00a0<a href=\"\/fr\/music-creators\/database\/\">base de donn\u00e9es<\/a> pour trouver les titres\u00a0auxquelles vous avez particip\u00e9 ou qui vous appartiennent. Si votre pi\u00e8ce s&rsquo;affiche, alors vous avez peut-\u00eatre droit \u00e0 des redevances.<\/p>\n","protected":false},"excerpt":{"rendered":"<p>Si vous avez ex\u00e9cut\u00e9 de la musique qui a \u00e9t\u00e9 enregistr\u00e9e (comme t\u00eate d\u2019affiche ou comme interpr\u00e8te de second plan), vous avez peut-\u00eatre droit \u00e0 des redevances de R\u00e9:Sonne. Pour toucher ces redevances, vous pouvez vous inscrire aupr\u00e8s de R\u00e9:Sonne ou d\u2019une de nos trois organisations membres qui repr\u00e9sentent les artistes (ACTRA\u00a0RACS, Artisti ou MROC). [&hellip;]<\/p>\n","protected":false},"author":15,"featured_media":0,"parent":0,"menu_order":0,"comment_status":"closed","ping_status":"open","template":"page-artists.php","meta":{"footnotes":""},"class_list":["post-954","page","type-page","status-publish","hentry"],"aioseo_notices":[],"_links":{"self":[{"href":"https:\/\/www.resound.ca\/fr\/wp-json\/wp\/v2\/pages\/954","targetHints":{"allow":["GET"]}}],"collection":[{"href":"https:\/\/www.resound.ca\/fr\/wp-json\/wp\/v2\/pages"}],"about":[{"href":"https:\/\/www.resound.ca\/fr\/wp-json\/wp\/v2\/types\/page"}],"author":[{"embeddable":true,"href":"https:\/\/www.resound.ca\/fr\/wp-json\/wp\/v2\/users\/15"}],"replies":[{"embeddable":true,"href":"https:\/\/www.resound.ca\/fr\/wp-json\/wp\/v2\/comments?post=954"}],"version-history":[{"count":4,"href":"https:\/\/www.resound.ca\/fr\/wp-json\/wp\/v2\/pages\/954\/revisions"}],"predecessor-version":[{"id":5042,"href":"https:\/\/www.resound.ca\/fr\/wp-json\/wp\/v2\/pages\/954\/revisions\/5042"}],"wp:attachment":[{"href":"https:\/\/www.resound.ca\/fr\/wp-json\/wp\/v2\/media?parent=954"}],"curies":[{"name":"wp","href":"https:\/\/api.w.org\/{rel}","templated":true}]}}