{"id":950,"date":"2014-11-13T17:54:47","date_gmt":"2014-11-13T22:54:47","guid":{"rendered":"http:\/\/resound.pilotstage.com\/what-we-do\/careers\/"},"modified":"2021-01-13T15:33:09","modified_gmt":"2021-01-13T20:33:09","slug":"careers","status":"publish","type":"page","link":"https:\/\/www.resound.ca\/fr\/what-we-do\/careers\/","title":{"rendered":"Carri\u00e8res"},"content":{"rendered":"<p>R\u00e9:Sonne offre des postes permanents \u00e0 temps plein ou temporaires, des stages et des stages coop\u00e9ratifs \u00e0 des \u00e9tudiants coll\u00e9giaux ou universitaires.<\/p>\n<p>Nous offrons une r\u00e9mun\u00e9ration et des avantages sociaux concurrentiels dans un milieu de travail vraiment formidable.<\/p>\n<p>Nous acceptons toujours les curriculums vit\u00e6. Tous les postes \u00e0 pourvoir sont affich\u00e9s sur notre site Web et partag\u00e9s sur les m\u00e9dias sociaux, alors <a href=\"https:\/\/twitter.com\/resoundmlc?lang=en\" target=\"_blank\" rel=\"noopener noreferrer\">suivez-nous<\/a> pour rester \u00e0 l&rsquo;affut.<\/p>\n<p>R\u00e9:Sonne travaille dans plusieurs domaines diff\u00e9rents, dont les technologies de l&rsquo;information, les services juridiques, l&rsquo;administration, les ressources humaines, les communications, l&rsquo;octroi de licences et la distribution.<\/p>\n<h5 style=\"text-align: left;\"><strong>DISTRIBUTION<\/strong><\/h5>\n<p style=\"text-align: left;\">Les employ\u00e9s charg\u00e9s de la distribution regroupent, nettoient et r\u00e9sument des donn\u00e9es provenant de diverses sources afin de s&rsquo;assurer que les redevances sont bien per\u00e7ues et distribu\u00e9es aux organisations membres. Pour faire partie de l&rsquo;\u00e9quipe de distribution, vous devez \u00eatre tr\u00e8s bien organis\u00e9, soucieux du d\u00e9tail et \u00e0 l&rsquo;aise de travailler avec des donn\u00e9es.<\/p>\n<p>R\u00e9:sonne est engag\u00e9 \u00e0 offrir un environnement de travail inclusif et accessible \u00e0 tous.\u00a0 Si vous avez besoin de mesures d\u2019adaptation durant le processus de dotation, n&rsquo;h\u00e9sitez pas \u00e0 nous en informer.<\/p>\n","protected":false},"excerpt":{"rendered":"<p>R\u00e9:Sonne offre des postes permanents \u00e0 temps plein ou temporaires, des stages et des stages coop\u00e9ratifs \u00e0 des \u00e9tudiants coll\u00e9giaux ou universitaires. Nous offrons une r\u00e9mun\u00e9ration et des avantages sociaux concurrentiels dans un milieu de travail vraiment formidable. Nous acceptons toujours les curriculums vit\u00e6. Tous les postes \u00e0 pourvoir sont affich\u00e9s sur notre site Web [&hellip;]<\/p>\n","protected":false},"author":15,"featured_media":0,"parent":939,"menu_order":0,"comment_status":"closed","ping_status":"open","template":"page-careers.php","meta":{"footnotes":""},"class_list":["post-950","page","type-page","status-publish","hentry"],"aioseo_notices":[],"_links":{"self":[{"href":"https:\/\/www.resound.ca\/fr\/wp-json\/wp\/v2\/pages\/950","targetHints":{"allow":["GET"]}}],"collection":[{"href":"https:\/\/www.resound.ca\/fr\/wp-json\/wp\/v2\/pages"}],"about":[{"href":"https:\/\/www.resound.ca\/fr\/wp-json\/wp\/v2\/types\/page"}],"author":[{"embeddable":true,"href":"https:\/\/www.resound.ca\/fr\/wp-json\/wp\/v2\/users\/15"}],"replies":[{"embeddable":true,"href":"https:\/\/www.resound.ca\/fr\/wp-json\/wp\/v2\/comments?post=950"}],"version-history":[{"count":9,"href":"https:\/\/www.resound.ca\/fr\/wp-json\/wp\/v2\/pages\/950\/revisions"}],"predecessor-version":[{"id":5228,"href":"https:\/\/www.resound.ca\/fr\/wp-json\/wp\/v2\/pages\/950\/revisions\/5228"}],"up":[{"embeddable":true,"href":"https:\/\/www.resound.ca\/fr\/wp-json\/wp\/v2\/pages\/939"}],"wp:attachment":[{"href":"https:\/\/www.resound.ca\/fr\/wp-json\/wp\/v2\/media?parent=950"}],"curies":[{"name":"wp","href":"https:\/\/api.w.org\/{rel}","templated":true}]}}