{"id":939,"date":"2014-11-13T18:08:57","date_gmt":"2014-11-13T23:08:57","guid":{"rendered":"http:\/\/resound.pilotstage.com\/what-we-do-2\/"},"modified":"2022-08-17T12:53:53","modified_gmt":"2022-08-17T16:53:53","slug":"what-we-do","status":"publish","type":"page","link":"https:\/\/www.resound.ca\/fr\/what-we-do\/","title":{"rendered":"Ce que nous faisons"},"content":{"rendered":"<p style=\"text-align: left;\">R\u00e9:Sonne est la soci\u00e9t\u00e9 canadienne \u00e0 but non lucratif d\u00e9di\u00e9e \u00e0 obtenir une r\u00e9mun\u00e9ration juste et \u00e9quitable pour les artistes-interpr\u00e8tes et producteurs de disques pour leurs droits d&rsquo;ex\u00e9cution.<\/p>\n<p style=\"text-align: left;\">Nous d\u00e9fendons les int\u00e9r\u00eats des cr\u00e9ateurs de musique; nous \u00e9duquons les utilisateurs de musique; nous accordons\u00a0des licences aux entreprises; et nous versons les redevances aux cr\u00e9ateurs de musique &#8211; afin de contribuer \u00e0 une industrie de la musique florissante et\u00a0durable au Canada.<\/p>\n<p style=\"text-align: left;\">Le travail de R\u00e9:Sonne s&rsquo;\u00e9tend sur quatre domaines essentiels:<\/p>\n","protected":false},"excerpt":{"rendered":"<p>R\u00e9:Sonne est la soci\u00e9t\u00e9 canadienne \u00e0 but non lucratif d\u00e9di\u00e9e \u00e0 obtenir une r\u00e9mun\u00e9ration juste et \u00e9quitable pour les artistes-interpr\u00e8tes et producteurs de disques pour leurs droits d&rsquo;ex\u00e9cution. Nous d\u00e9fendons les int\u00e9r\u00eats des cr\u00e9ateurs de musique; nous \u00e9duquons les utilisateurs de musique; nous accordons\u00a0des licences aux entreprises; et nous versons les redevances aux cr\u00e9ateurs de [&hellip;]<\/p>\n","protected":false},"author":15,"featured_media":0,"parent":0,"menu_order":0,"comment_status":"closed","ping_status":"closed","template":"page-what-we-do.php","meta":{"footnotes":""},"class_list":["post-939","page","type-page","status-publish","hentry"],"aioseo_notices":[],"_links":{"self":[{"href":"https:\/\/www.resound.ca\/fr\/wp-json\/wp\/v2\/pages\/939","targetHints":{"allow":["GET"]}}],"collection":[{"href":"https:\/\/www.resound.ca\/fr\/wp-json\/wp\/v2\/pages"}],"about":[{"href":"https:\/\/www.resound.ca\/fr\/wp-json\/wp\/v2\/types\/page"}],"author":[{"embeddable":true,"href":"https:\/\/www.resound.ca\/fr\/wp-json\/wp\/v2\/users\/15"}],"replies":[{"embeddable":true,"href":"https:\/\/www.resound.ca\/fr\/wp-json\/wp\/v2\/comments?post=939"}],"version-history":[{"count":37,"href":"https:\/\/www.resound.ca\/fr\/wp-json\/wp\/v2\/pages\/939\/revisions"}],"predecessor-version":[{"id":5484,"href":"https:\/\/www.resound.ca\/fr\/wp-json\/wp\/v2\/pages\/939\/revisions\/5484"}],"wp:attachment":[{"href":"https:\/\/www.resound.ca\/fr\/wp-json\/wp\/v2\/media?parent=939"}],"curies":[{"name":"wp","href":"https:\/\/api.w.org\/{rel}","templated":true}]}}