{"id":812,"date":"2014-11-14T13:10:23","date_gmt":"2014-11-14T18:10:23","guid":{"rendered":"http:\/\/resound.pilotstage.com\/music-creators-2\/"},"modified":"2018-11-12T09:10:31","modified_gmt":"2018-11-12T14:10:31","slug":"music-creators","status":"publish","type":"page","link":"https:\/\/www.resound.ca\/fr\/music-creators\/","title":{"rendered":"Cr\u00e9ateurs de musique"},"content":{"rendered":"<h2>Votre musique a de la valeur.<\/h2>\n<div class=\"center-column\">\n<p style=\"text-align: left;\">Si vous \u00eates un cr\u00e9ateur de musique (l\u2019interpr\u00e8te principal d\u2019un enregistrement, un interpr\u00e8te de second plan, un musicien de s\u00e9ance ou une maison de disques) dont les enregistrements ont \u00e9t\u00e9 diffus\u00e9s ou jou\u00e9s en public, alors vous avez peut-\u00eatre droit \u00e0 des redevances.<\/p>\n<p>Les redevances sont des frais que les utilisateurs de musique, comme les stations de radio, les services de diffusion en continu et les entreprises doivent l\u00e9galement payer afin de jouer vos enregistrements sonores en public.<\/p>\n<p><a href=\"http:\/\/laws-lois.justice.gc.ca\/fra\/lois\/C-42\/Index.html\" target=\"_blank\" rel=\"noopener\">La Loi canadienne sur le droit d&rsquo;auteur<\/a> existe pour s&rsquo;assurer que les cr\u00e9ateurs re\u00e7oivent une r\u00e9mun\u00e9ration \u00e9quitable quand leurs \u0153uvres sont utilis\u00e9es. R\u00e9:Sonne est la seule organisation autoris\u00e9e en vertu de la Loi sur le droit d&rsquo;auteur a percevoir les redevances sur les droits voisins auxquelles vous pourriez avoir droit. Alors\u00a0que R\u00e9:Sonne per\u00e7oit et distribue les redevances au nom des artistes-interpr\u00e8tes\u00a0et des producteurs de disques, la <a href=\"http:\/\/www.socan.ca\/fr\" target=\"_blank\" rel=\"noopener\">SOCAN<\/a>\u00a0quant \u00e0 elle per\u00e7oit et distribue les redevances au nom des auteurs-compositeurs et des \u00e9diteurs de musique.<\/p>\n<p>Consultez notre\u00a0<a href=\"https:\/\/www.resound.ca\/fr\/music-creators\/database\/\">base de donn\u00e9es<\/a> pour trouver les titres\u00a0auxquels vous avez particip\u00e9 ou ceux qui vous appartiennent. Si votre pi\u00e8ce s&rsquo;affiche, alors vous avez peut-\u00eatre droit \u00e0 des redevances.<\/p>\n<p>Pour apprendre davantage sur les pratiques de distribution de R\u00e9:Sonne, lisez nos <a href=\"https:\/\/www.resound.ca\/wp-content\/uploads\/2018\/04\/2018-03-15-ReSound-Public-Distribution-Rules-final.pdf\" target=\"_blank\" rel=\"noopener\">r\u00e8gles de distribution publique.<\/a><\/p>\n<\/div>\n","protected":false},"excerpt":{"rendered":"<p>Votre musique a de la valeur. Si vous \u00eates un cr\u00e9ateur de musique (l\u2019interpr\u00e8te principal d\u2019un enregistrement, un interpr\u00e8te de second plan, un musicien de s\u00e9ance ou une maison de disques) dont les enregistrements ont \u00e9t\u00e9 diffus\u00e9s ou jou\u00e9s en public, alors vous avez peut-\u00eatre droit \u00e0 des redevances. Les redevances sont des frais que [&hellip;]<\/p>\n","protected":false},"author":15,"featured_media":0,"parent":0,"menu_order":0,"comment_status":"closed","ping_status":"open","template":"page-music-creators.php","meta":{"footnotes":""},"class_list":["post-812","page","type-page","status-publish","hentry"],"aioseo_notices":[],"_links":{"self":[{"href":"https:\/\/www.resound.ca\/fr\/wp-json\/wp\/v2\/pages\/812","targetHints":{"allow":["GET"]}}],"collection":[{"href":"https:\/\/www.resound.ca\/fr\/wp-json\/wp\/v2\/pages"}],"about":[{"href":"https:\/\/www.resound.ca\/fr\/wp-json\/wp\/v2\/types\/page"}],"author":[{"embeddable":true,"href":"https:\/\/www.resound.ca\/fr\/wp-json\/wp\/v2\/users\/15"}],"replies":[{"embeddable":true,"href":"https:\/\/www.resound.ca\/fr\/wp-json\/wp\/v2\/comments?post=812"}],"version-history":[{"count":2,"href":"https:\/\/www.resound.ca\/fr\/wp-json\/wp\/v2\/pages\/812\/revisions"}],"predecessor-version":[{"id":4622,"href":"https:\/\/www.resound.ca\/fr\/wp-json\/wp\/v2\/pages\/812\/revisions\/4622"}],"wp:attachment":[{"href":"https:\/\/www.resound.ca\/fr\/wp-json\/wp\/v2\/media?parent=812"}],"curies":[{"name":"wp","href":"https:\/\/api.w.org\/{rel}","templated":true}]}}