{"id":810,"date":"2014-11-14T13:10:34","date_gmt":"2014-11-14T18:10:34","guid":{"rendered":"http:\/\/resound.pilotstage.com\/music-users-2\/"},"modified":"2020-08-18T08:14:13","modified_gmt":"2020-08-18T12:14:13","slug":"music-users","status":"publish","type":"page","link":"https:\/\/www.resound.ca\/fr\/music-users\/","title":{"rendered":"Utilisateurs de musique"},"content":{"rendered":"<h2 style=\"text-align: center;\">Les entreprises ont l&rsquo;obligation l\u00e9gale de payer un droit de licence quand elles diffusent de la musique enregistr\u00e9e.<\/h2>\n<div class=\"center-column\">\n<p style=\"text-align: left;\">R\u00e9:Sonne est l&rsquo;organisation canadienne autoris\u00e9e en vertu de la <a href=\"http:\/\/www.cb-cda.gc.ca\/home-accueil-f.html\" target=\"_blank\" rel=\"noopener noreferrer\">Loi sur le droit d&rsquo;auteur<\/a> qui pourra vous fournir les licences dont votre entreprise a besoin et vous\u00a0aider \u00e0 comprendre le processus d&rsquo;octroi de licences.<\/p>\n<p style=\"text-align: left;\">Les artistes-interpr\u00e8tes et les producteurs de disques de partout \u00e0 travers le monde donnent \u00e0 des organisations comme R\u00e9:Sonne le mandat d&rsquo;octroyer des licences aux entreprises qui utilisent de la musique en public. Ainsi, les entreprises et les diffuseurs peuvent faire affaire avec une seule organisation pour obtenir une licence pour jouer de la musique enregistr\u00e9e et s&rsquo;assurer que les droits de licences sont distribu\u00e9s de fa\u00e7on exacte et \u00e9quitable aux artistes-interpr\u00e8tes et aux producteurs de disques.<\/p>\n<\/div>\n<section class=\"research\">\n<h2 style=\"text-align: center;\">Les recherches ont montr\u00e9 que l&rsquo;utilisation de musique permet d&rsquo;attirer et de garder les clients en magasins, d&rsquo;augmenter leurs d\u00e9penses d&rsquo;achats et d&rsquo;am\u00e9liorer la productivit\u00e9 des employ\u00e9s.<\/h2>\n<div class=\"center-column\">\n<p style=\"text-align: left;\">En fait, <a href=\"http:\/\/musichasvalue.ca\">87 %<\/a> des clients sont d&rsquo;accord pour dire que la musique cr\u00e9e une meilleure ambiance.<\/p>\n<p style=\"text-align: left;\">De plus, les redevances sont un revenu vital pour les artistes-interpr\u00e8tes; un revenu qui leur permet de continuer \u00e0 faire la musique que nous aimons.<\/p>\n<p style=\"text-align: left;\">Comme la majorit\u00e9 des bars, restaurants et magasins paient moins de 1 $ par jour pour une licence R\u00e9:Sonne, la valeur d&rsquo;une licence pour faire jouer de la musique est claire.<\/p>\n<p style=\"text-align: center;\"><a class=\"button red-solid\" href=\"http:\/\/www.musichasvalue.ca\">D\u00e9couvrir la valeur de la musique<\/a><\/p>\n<\/div>\n<\/section>\n","protected":false},"excerpt":{"rendered":"<p>Les entreprises ont l&rsquo;obligation l\u00e9gale de payer un droit de licence quand elles diffusent de la musique enregistr\u00e9e. R\u00e9:Sonne est l&rsquo;organisation canadienne autoris\u00e9e en vertu de la Loi sur le droit d&rsquo;auteur qui pourra vous fournir les licences dont votre entreprise a besoin et vous\u00a0aider \u00e0 comprendre le processus d&rsquo;octroi de licences. Les artistes-interpr\u00e8tes et [&hellip;]<\/p>\n","protected":false},"author":15,"featured_media":0,"parent":0,"menu_order":0,"comment_status":"closed","ping_status":"closed","template":"page-music-users.php","meta":{"footnotes":""},"class_list":["post-810","page","type-page","status-publish","hentry"],"aioseo_notices":[],"_links":{"self":[{"href":"https:\/\/www.resound.ca\/fr\/wp-json\/wp\/v2\/pages\/810","targetHints":{"allow":["GET"]}}],"collection":[{"href":"https:\/\/www.resound.ca\/fr\/wp-json\/wp\/v2\/pages"}],"about":[{"href":"https:\/\/www.resound.ca\/fr\/wp-json\/wp\/v2\/types\/page"}],"author":[{"embeddable":true,"href":"https:\/\/www.resound.ca\/fr\/wp-json\/wp\/v2\/users\/15"}],"replies":[{"embeddable":true,"href":"https:\/\/www.resound.ca\/fr\/wp-json\/wp\/v2\/comments?post=810"}],"version-history":[{"count":2,"href":"https:\/\/www.resound.ca\/fr\/wp-json\/wp\/v2\/pages\/810\/revisions"}],"predecessor-version":[{"id":5129,"href":"https:\/\/www.resound.ca\/fr\/wp-json\/wp\/v2\/pages\/810\/revisions\/5129"}],"wp:attachment":[{"href":"https:\/\/www.resound.ca\/fr\/wp-json\/wp\/v2\/media?parent=810"}],"curies":[{"name":"wp","href":"https:\/\/api.w.org\/{rel}","templated":true}]}}