{"id":2514,"date":"2015-08-07T10:33:27","date_gmt":"2015-08-07T14:33:27","guid":{"rendered":"http:\/\/www.resound.ca\/resounds-bilateral-agreements-2\/"},"modified":"2020-08-18T07:48:20","modified_gmt":"2020-08-18T11:48:20","slug":"resounds-accords-internationaux","status":"publish","type":"page","link":"https:\/\/www.resound.ca\/fr\/resounds-accords-internationaux\/","title":{"rendered":"Accords internationaux"},"content":{"rendered":"<p style=\"text-align: center;\">R\u00e9:Sonne et ses organisations membres ont conclu des accords qui permettent aux artistes-interpr\u00e8tes et aux producteurs de musique de recevoir des redevances lors de l\u2019ex\u00e9cution de leurs enregistrements sonores dans plusieurs pays. Pour plus d\u2019information, veuillez consulter<\/p>\n<p style=\"text-align: center;\"><a href=\"https:\/\/actraracs.ca\/royalties\/international-royalties\/\">ACTRA RACS<\/a><\/p>\n<p style=\"text-align: center;\"><a href=\"https:\/\/www.artisti.ca\/en\/about\/international-partners\/\">Artisti<\/a><\/p>\n<p style=\"text-align: center;\"><a href=\"https:\/\/connectmusic.ca\/members\/membership-summary\/frequently-asked-questions.aspx\">Connect<\/a><\/p>\n<p style=\"text-align: center;\"><a href=\"https:\/\/musiciansrights.ca\/en\/faq\/#8\">MROC<\/a><\/p>\n<p style=\"text-align: center;\"><a href=\"https:\/\/www.soproq.org\/en\/pages\/makers-and-rights-owners\/administrating-your-rights\/remuneration-equitable-a-linternational\">SOPROQ<\/a><\/p>\n<p>&nbsp;<\/p>\n<table>\n<tbody>\n<tr>\n<td width=\"200\">\n<p style=\"text-align: left;\"><strong>Pays<\/strong><\/p>\n<p>Allemagne<\/p>\n<p>Australie<\/p>\n<p>Br\u00e9sil<\/p>\n<p>Br\u00e9sil<\/p>\n<p>Danemark<\/p>\n<p>Espagne<\/p>\n<p>\u00c9tats Unis<\/p>\n<p>Finlande<\/p>\n<p>G\u00e9orgie<\/p>\n<p>Gr\u00e8ce et Chypre<\/p>\n<p>Irelande<\/p>\n<p>Italie<\/p>\n<p>Japon<\/p>\n<p>Nigeria<\/p>\n<p>Norv\u00e8ge<\/p>\n<p>Pays-Bas<\/p>\n<p>Pologne<\/p>\n<p>Su\u00e8de<\/p>\n<p>Ukraine<\/td>\n<td width=\"319\">\n<p style=\"text-align: left;\"><strong>Organisation<\/strong><\/p>\n<p style=\"text-align: left;\"><a href=\"http:\/\/www.gvl.de\/en\" target=\"_blank\" rel=\"noopener noreferrer\">GVL<\/a><\/p>\n<p><a href=\"http:\/\/www.ppca.com.au\" target=\"_blank\" rel=\"noopener noreferrer\">PPCA<\/a><\/p>\n<p><a href=\"http:\/\/www.abramus.org.br\/\" target=\"_blank\" rel=\"noopener noreferrer\">Abramus<\/a><\/p>\n<p><a href=\"https:\/\/acemla.com\/\" target=\"_blank\" rel=\"noopener noreferrer\">ACEMLA (pr\u00e9c\u00e9demment SPACEM)<\/a><\/p>\n<p><a href=\"http:\/\/www.gramex.dk\/\" target=\"_blank\" rel=\"noopener noreferrer\">Gramex Denmark<\/a><\/p>\n<p><a href=\"http:\/\/www.agedi.es\/\" target=\"_blank\" rel=\"noopener noreferrer\">AGEDI<\/a><\/p>\n<p><a href=\"http:\/\/www.soundexchange.com\/\" target=\"_blank\" rel=\"noopener noreferrer\">SoundExchange<\/a><\/p>\n<p><a href=\"http:\/\/www.gramex.fi\/\" target=\"_blank\" rel=\"noopener noreferrer\">Gramex Finland<\/a><\/p>\n<p><a href=\"https:\/\/www.gca.ge\" target=\"_blank\" rel=\"noopener noreferrer\">GCA<\/a><\/p>\n<p><a href=\"http:\/\/www.grammo.gr\/Societies_EN.html\" target=\"_blank\" rel=\"noopener noreferrer\">Grammo<\/a><\/p>\n<p><a href=\"http:\/\/www.ppimusic.ie\/\" target=\"_blank\" rel=\"noopener noreferrer\">PPI<\/a><\/p>\n<p><a href=\"http:\/\/www.scfitalia.it\/\" target=\"_blank\" rel=\"noopener noreferrer\">SCF<\/a><\/p>\n<p><a href=\"http:\/\/www.riaj.or.jp\/e\/\" target=\"_blank\" rel=\"noopener noreferrer\">RIAJ<\/a><\/p>\n<p><a href=\"http:\/\/www.cosonng.com\/\" target=\"_blank\" rel=\"noopener noreferrer\">COSON<\/a><\/p>\n<p><a href=\"http:\/\/www.gramo.no\/\" target=\"_blank\" rel=\"noopener noreferrer\">Gramo<\/a><\/p>\n<p><a href=\"http:\/\/www.sena.nl\/\" target=\"_blank\" rel=\"noopener noreferrer\">SENA<\/a><\/p>\n<p><a href=\"http:\/\/www.zpav.pl\/onas\/index.php\" target=\"_blank\" rel=\"noopener noreferrer\">ZPAV<\/a><\/p>\n<p><a href=\"http:\/\/www.ifpi.se\/\" target=\"_blank\" rel=\"noopener noreferrer\">IFPI Sverige<\/a><\/p>\n<p><a href=\"https:\/\/ulasp.org\" target=\"_blank\" rel=\"noopener noreferrer\">ULCRR\/ULASP<\/a> et <a href=\"http:\/\/www.uma.in.ua\" target=\"_blank\" rel=\"noopener noreferrer\">UMA<\/a><\/td>\n<\/tr>\n<\/tbody>\n<\/table>\n<p>&nbsp;<\/p>\n","protected":false},"excerpt":{"rendered":"<p>R\u00e9:Sonne et ses organisations membres ont conclu des accords qui permettent aux artistes-interpr\u00e8tes et aux producteurs de musique de recevoir des redevances lors de l\u2019ex\u00e9cution de leurs enregistrements sonores dans plusieurs pays. Pour plus d\u2019information, veuillez consulter ACTRA RACS Artisti Connect MROC SOPROQ &nbsp; Pays Allemagne Australie Br\u00e9sil Br\u00e9sil Danemark Espagne \u00c9tats Unis Finlande G\u00e9orgie [&hellip;]<\/p>\n","protected":false},"author":15,"featured_media":0,"parent":0,"menu_order":0,"comment_status":"closed","ping_status":"open","template":"page-terms-use.php","meta":{"footnotes":""},"class_list":["post-2514","page","type-page","status-publish","hentry"],"aioseo_notices":[],"_links":{"self":[{"href":"https:\/\/www.resound.ca\/fr\/wp-json\/wp\/v2\/pages\/2514","targetHints":{"allow":["GET"]}}],"collection":[{"href":"https:\/\/www.resound.ca\/fr\/wp-json\/wp\/v2\/pages"}],"about":[{"href":"https:\/\/www.resound.ca\/fr\/wp-json\/wp\/v2\/types\/page"}],"author":[{"embeddable":true,"href":"https:\/\/www.resound.ca\/fr\/wp-json\/wp\/v2\/users\/15"}],"replies":[{"embeddable":true,"href":"https:\/\/www.resound.ca\/fr\/wp-json\/wp\/v2\/comments?post=2514"}],"version-history":[{"count":4,"href":"https:\/\/www.resound.ca\/fr\/wp-json\/wp\/v2\/pages\/2514\/revisions"}],"predecessor-version":[{"id":5125,"href":"https:\/\/www.resound.ca\/fr\/wp-json\/wp\/v2\/pages\/2514\/revisions\/5125"}],"wp:attachment":[{"href":"https:\/\/www.resound.ca\/fr\/wp-json\/wp\/v2\/media?parent=2514"}],"curies":[{"name":"wp","href":"https:\/\/api.w.org\/{rel}","templated":true}]}}