{"id":2072,"date":"2015-02-02T12:58:43","date_gmt":"2015-02-02T17:58:43","guid":{"rendered":"http:\/\/resound.ca\/cdnmusic-music-events-2\/"},"modified":"2015-05-22T15:54:36","modified_gmt":"2015-05-22T19:54:36","slug":"cdnmusic-evenements-musicaux","status":"publish","type":"page","link":"https:\/\/www.resound.ca\/fr\/cdnmusic-evenements-musicaux\/","title":{"rendered":"#CDNMusic &#8211; \u00c9v\u00e9nements musicaux"},"content":{"rendered":"<p style=\"text-align: center;\"><strong>Suivez ces comptes sur Twitter pour demeurer au fait des festivals, des galas de remise de prix et de tous les autres \u00e9v\u00e9nements.<\/strong><\/p>\n<p>&nbsp;<\/p>\n<blockquote class=\"twitter-tweet\" data-width=\"500\" data-dnt=\"true\">\n<p lang=\"en\" dir=\"ltr\">It gets better! <a href=\"https:\/\/twitter.com\/knifepartyinc?ref_src=twsrc%5Etfw\">@KnifePartyinc<\/a> &amp; <a href=\"https:\/\/twitter.com\/djtommytrash?ref_src=twsrc%5Etfw\">@DJTommyTrash<\/a> will be doing a back-to-back set tonight at the <a href=\"https:\/\/twitter.com\/hashtag\/VELD2014?src=hash&amp;ref_src=twsrc%5Etfw\">#VELD2014<\/a> After Party! <a href=\"http:\/\/t.co\/A4oKVJCwXt\">http:\/\/t.co\/A4oKVJCwXt<\/a><\/p>\n<p>&mdash; Veld Music Festival (@VELDFest) <a href=\"https:\/\/twitter.com\/VELDFest\/status\/496022730949419008?ref_src=twsrc%5Etfw\">August 3, 2014<\/a><\/p><\/blockquote>\n<p><script async src=\"https:\/\/platform.twitter.com\/widgets.js\" charset=\"utf-8\"><\/script><\/p>\n<blockquote class=\"twitter-tweet\" data-width=\"500\" data-dnt=\"true\">\n<p lang=\"fr\" dir=\"ltr\">Bravo \u00e0 <a href=\"https:\/\/twitter.com\/KloPelgag?ref_src=twsrc%5Etfw\">@KloPelgag<\/a> , <a href=\"https:\/\/twitter.com\/LesHayBabies?ref_src=twsrc%5Etfw\">@LesHayBabies<\/a>, <a href=\"https:\/\/twitter.com\/carpentier_val?ref_src=twsrc%5Etfw\">@Carpentier_Val<\/a> <a href=\"https:\/\/twitter.com\/SallyFolk?ref_src=twsrc%5Etfw\">@SallyFolk<\/a> et \u00c9mile Proulx-Cloutier pour leur num\u00e9ro R\u00e9v\u00e9lations! <a href=\"https:\/\/twitter.com\/hashtag\/adisq?src=hash&amp;ref_src=twsrc%5Etfw\">#adisq<\/a> <a href=\"https:\/\/twitter.com\/galaADISQ?ref_src=twsrc%5Etfw\">@galaadisq<\/a><\/p>\n<p>&mdash; ADISQ_ (@ADISQ_) <a href=\"https:\/\/twitter.com\/ADISQ_\/status\/526532546755301376?ref_src=twsrc%5Etfw\">October 27, 2014<\/a><\/p><\/blockquote>\n<p><script async src=\"https:\/\/platform.twitter.com\/widgets.js\" charset=\"utf-8\"><\/script><\/p>\n<blockquote class=\"twitter-tweet\" data-width=\"500\" data-dnt=\"true\">\n<p lang=\"fr\" dir=\"ltr\">Diversit\u00e9 Artistique Montr\u00e9al lancera le num\u00e9ro 3 de la revue TicArtToc le 27 novembre 2014 de 20h-23h \u00e0 l&#39;\u00c9glise&#8230; <a href=\"http:\/\/t.co\/W8HLDQZNfx\">http:\/\/t.co\/W8HLDQZNfx<\/a><\/p>\n<p>&mdash; POP Montr\u00e9al (@popmontreal) <a href=\"https:\/\/twitter.com\/popmontreal\/status\/535546112925782016?ref_src=twsrc%5Etfw\">November 20, 2014<\/a><\/p><\/blockquote>\n<p><script async src=\"https:\/\/platform.twitter.com\/widgets.js\" charset=\"utf-8\"><\/script><\/p>\n<p>https:\/\/twitter.com\/Pemberton_Fest\/status\/492401085504843777<\/p>\n<blockquote class=\"twitter-tweet\" data-width=\"500\" data-dnt=\"true\">\n<p lang=\"en\" dir=\"ltr\">Nominees for Country Album of the Year: <a href=\"https:\/\/twitter.com\/dallassmith?ref_src=twsrc%5Etfw\">@dallassmith<\/a> <a href=\"https:\/\/twitter.com\/MacKenziePMusic?ref_src=twsrc%5Etfw\">@MacKenziePMusic<\/a> <a href=\"https:\/\/twitter.com\/theroadhammers?ref_src=twsrc%5Etfw\">@theroadhammers<\/a> <a href=\"https:\/\/twitter.com\/kira_isabella?ref_src=twsrc%5Etfw\">@kira_isabella<\/a> and <a href=\"https:\/\/twitter.com\/jessmoskaluke?ref_src=twsrc%5Etfw\">@jessmoskaluke<\/a>! <a href=\"https:\/\/twitter.com\/TheJUNOAwards?ref_src=twsrc%5Etfw\">@TheJUNOAwards<\/a><\/p>\n<p>&mdash; CCMA (@CCMAofficial) <a href=\"https:\/\/twitter.com\/CCMAofficial\/status\/560108366811660288?ref_src=twsrc%5Etfw\">January 27, 2015<\/a><\/p><\/blockquote>\n<p><script async src=\"https:\/\/platform.twitter.com\/widgets.js\" charset=\"utf-8\"><\/script><\/p>\n<blockquote class=\"twitter-tweet\" data-width=\"500\" data-dnt=\"true\">\n<p lang=\"en\" dir=\"ltr\">Are you an artist or in a band? Apply to <a href=\"https:\/\/twitter.com\/hashtag\/IndieWeek2015?src=hash&amp;ref_src=twsrc%5Etfw\">#IndieWeek2015<\/a> now for a chance to show us your stuff! <a href=\"http:\/\/t.co\/5ZNi2eNLcC\">http:\/\/t.co\/5ZNi2eNLcC<\/a><\/p>\n<p>&mdash; INDIE WEEK (@indieweek) <a href=\"https:\/\/twitter.com\/indieweek\/status\/562265525137731587?ref_src=twsrc%5Etfw\">February 2, 2015<\/a><\/p><\/blockquote>\n<p><script async src=\"https:\/\/platform.twitter.com\/widgets.js\" charset=\"utf-8\"><\/script><\/p>\n<blockquote class=\"twitter-tweet\" data-width=\"500\" data-dnt=\"true\">\n<p lang=\"en\" dir=\"ltr\"><a href=\"https:\/\/twitter.com\/hashtag\/TBT?src=hash&amp;ref_src=twsrc%5Etfw\">#TBT<\/a> 2001 we threw a party called the &quot;Techno Block Party&quot;. Today, we&#39;d probably have to call it an &quot;EDM Block Party&quot; <a href=\"http:\/\/t.co\/4JhP2VTn4s\">http:\/\/t.co\/4JhP2VTn4s<\/a><\/p>\n<p>&mdash; NXNE (@nxne) <a href=\"https:\/\/twitter.com\/nxne\/status\/558327789250572290?ref_src=twsrc%5Etfw\">January 22, 2015<\/a><\/p><\/blockquote>\n<p><script async src=\"https:\/\/platform.twitter.com\/widgets.js\" charset=\"utf-8\"><\/script><\/p>\n<blockquote class=\"twitter-tweet\" data-width=\"500\" data-dnt=\"true\">\n<p lang=\"en\" dir=\"ltr\"><a href=\"https:\/\/twitter.com\/mannyyyy?ref_src=twsrc%5Etfw\">@mannyyyy<\/a> I know, right? Thanks for the early love.<\/p>\n<p>&mdash; WayHome Music &amp; Arts (@wayhomefestival) <a href=\"https:\/\/twitter.com\/wayhomefestival\/status\/565401605064126465?ref_src=twsrc%5Etfw\">February 11, 2015<\/a><\/p><\/blockquote>\n<p><script async src=\"https:\/\/platform.twitter.com\/widgets.js\" charset=\"utf-8\"><\/script><\/p>\n<blockquote class=\"twitter-tweet\" data-width=\"500\" data-dnt=\"true\">\n<p lang=\"en\" dir=\"ltr\">.OfficialPierre Lapointe (2013 Long List) has some warm-up shows next week before heading to France: <a href=\"http:\/\/t.co\/OafZXUmHoa\">http:\/\/t.co\/OafZXUmHoa<\/a> \u2014AB<\/p>\n<p>&mdash; Polaris Music Prize (@PolarisPrize) <a href=\"https:\/\/twitter.com\/PolarisPrize\/status\/555018456282591234?ref_src=twsrc%5Etfw\">January 13, 2015<\/a><\/p><\/blockquote>\n<p><script async src=\"https:\/\/platform.twitter.com\/widgets.js\" charset=\"utf-8\"><\/script><\/p>\n<blockquote class=\"twitter-tweet\" data-width=\"500\" data-dnt=\"true\">\n<p lang=\"en\" dir=\"ltr\">REMINDER! 2015 local artist submissions deadline is January 31st at midnight. Details and application here: <a href=\"http:\/\/t.co\/BScSqhMCcE\">http:\/\/t.co\/BScSqhMCcE<\/a><\/p>\n<p>&mdash; CityFolk (@CityFolkFest) <a href=\"https:\/\/twitter.com\/CityFolkFest\/status\/552587018719756289?ref_src=twsrc%5Etfw\">January 6, 2015<\/a><\/p><\/blockquote>\n<p><script async src=\"https:\/\/platform.twitter.com\/widgets.js\" charset=\"utf-8\"><\/script><\/p>\n<blockquote class=\"twitter-tweet\" data-width=\"500\" data-dnt=\"true\">\n<p lang=\"en\" dir=\"ltr\">&quot;Love Connection&quot; contest winners to be announced on Valentines Day. <a href=\"https:\/\/twitter.com\/hashtag\/efmf2014?src=hash&amp;ref_src=twsrc%5Etfw\">#efmf2014<\/a> <a href=\"https:\/\/twitter.com\/hashtag\/metyourmatch?src=hash&amp;ref_src=twsrc%5Etfw\">#metyourmatch<\/a><\/p>\n<p>&mdash; Edmonton Folk Fest (@edmfolkfest) <a href=\"https:\/\/twitter.com\/edmfolkfest\/status\/553243224199143426?ref_src=twsrc%5Etfw\">January 8, 2015<\/a><\/p><\/blockquote>\n<p><script async src=\"https:\/\/platform.twitter.com\/widgets.js\" charset=\"utf-8\"><\/script><\/p>\n<blockquote class=\"twitter-tweet\" data-width=\"500\" data-dnt=\"true\">\n<p lang=\"en\" dir=\"ltr\">If you wanna sing a song during Punk Rock Karaoke, the sign up sheet is near the small bar close to the stage!<\/p>\n<p>&mdash; Pouzza Fest (@PouzzaFest) <a href=\"https:\/\/twitter.com\/PouzzaFest\/status\/600107082549825536?ref_src=twsrc%5Etfw\">May 18, 2015<\/a><\/p><\/blockquote>\n<p><script async src=\"https:\/\/platform.twitter.com\/widgets.js\" charset=\"utf-8\"><\/script><\/p>\n<blockquote class=\"twitter-tweet\" data-width=\"500\" data-dnt=\"true\">\n<p lang=\"en\" dir=\"ltr\"><a href=\"https:\/\/twitter.com\/hashtag\/JUNO?src=hash&amp;ref_src=twsrc%5Etfw\">#JUNO<\/a> winner <a href=\"https:\/\/twitter.com\/RochVoisineRVI?ref_src=twsrc%5Etfw\">@RochVoisineRVI<\/a> shared his playlist with <a href=\"https:\/\/twitter.com\/CBCMusic?ref_src=twsrc%5Etfw\">@CBCMusic<\/a>. Check it out! <a href=\"http:\/\/t.co\/COKlk4bE8P\">http:\/\/t.co\/COKlk4bE8P<\/a><\/p>\n<p>&mdash; The JUNO Awards (@TheJUNOAwards) <a href=\"https:\/\/twitter.com\/TheJUNOAwards\/status\/561989901408043008?ref_src=twsrc%5Etfw\">February 1, 2015<\/a><\/p><\/blockquote>\n<p><script async src=\"https:\/\/platform.twitter.com\/widgets.js\" charset=\"utf-8\"><\/script><\/p>\n<blockquote class=\"twitter-tweet\" data-width=\"500\" data-dnt=\"true\">\n<p lang=\"fr\" dir=\"ltr\">Les billets pour <a href=\"https:\/\/twitter.com\/hashtag\/MpourM%C3%A9tal?src=hash&amp;ref_src=twsrc%5Etfw\">#MpourM\u00e9tal<\/a> ce soir au <a href=\"https:\/\/twitter.com\/ClubSodaMTL?ref_src=twsrc%5Etfw\">@ClubSodaMTL<\/a> avec <a href=\"https:\/\/twitter.com\/hashtag\/Grimskunk?src=hash&amp;ref_src=twsrc%5Etfw\">#Grimskunk<\/a> <a href=\"https:\/\/twitter.com\/slavesondope1?ref_src=twsrc%5Etfw\">@slavesondope1<\/a> +++ seront 15$ \u00e0 la porte! <a href=\"https:\/\/t.co\/3NvQI3iPur\">https:\/\/t.co\/3NvQI3iPur<\/a><\/p>\n<p>&mdash; M pour Montr\u00e9al (@mformontreal) <a href=\"https:\/\/twitter.com\/mformontreal\/status\/536270387605426177?ref_src=twsrc%5Etfw\">November 22, 2014<\/a><\/p><\/blockquote>\n<p><script async src=\"https:\/\/platform.twitter.com\/widgets.js\" charset=\"utf-8\"><\/script><\/p>\n<blockquote class=\"twitter-tweet\" data-width=\"500\" data-dnt=\"true\">\n<p lang=\"en\" dir=\"ltr\">DETOUR MUSIC HALL: Are you ready for <a href=\"https:\/\/twitter.com\/i_am_lyon?ref_src=twsrc%5Etfw\">@i_am_lyon<\/a> hailing from Toronto to play?<\/p>\n<p>&mdash; SCENE Music Festival (@scenefest) <a href=\"https:\/\/twitter.com\/scenefest\/status\/483034635371155456?ref_src=twsrc%5Etfw\">June 28, 2014<\/a><\/p><\/blockquote>\n<p><script async src=\"https:\/\/platform.twitter.com\/widgets.js\" charset=\"utf-8\"><\/script><\/p>\n<blockquote class=\"twitter-tweet\" data-width=\"500\" data-dnt=\"true\">\n<p lang=\"en\" dir=\"ltr\">Jeff Bridges put out an ambient sleep album. Might not be the most EXCITING live show, but  come on, it&#39;s The Dude! <a href=\"http:\/\/t.co\/zJUlfhQWqO\">http:\/\/t.co\/zJUlfhQWqO<\/a><\/p>\n<p>&mdash; Halifax Pop Explosion (@HalifaxPopX) <a href=\"https:\/\/twitter.com\/HalifaxPopX\/status\/561185086725304322?ref_src=twsrc%5Etfw\">January 30, 2015<\/a><\/p><\/blockquote>\n<p><script async src=\"https:\/\/platform.twitter.com\/widgets.js\" charset=\"utf-8\"><\/script><\/p>\n<blockquote class=\"twitter-tweet\" data-width=\"500\" data-dnt=\"true\">\n<p lang=\"en\" dir=\"ltr\">Tickets for <a href=\"https:\/\/twitter.com\/TheMaryChain?ref_src=twsrc%5Etfw\">@TheMaryChain<\/a> at <a href=\"https:\/\/twitter.com\/hashtag\/CMW2015?src=hash&amp;ref_src=twsrc%5Etfw\">#CMW2015<\/a> May 1 are selling fast. Get yours now for guaranteed entry \u00bb <a href=\"http:\/\/t.co\/a6nESd4TRI\">http:\/\/t.co\/a6nESd4TRI<\/a><\/p>\n<p>&mdash; Canadian Music Week (@CMW_Week) <a href=\"https:\/\/twitter.com\/CMW_Week\/status\/561220544012759040?ref_src=twsrc%5Etfw\">January 30, 2015<\/a><\/p><\/blockquote>\n<p><script async src=\"https:\/\/platform.twitter.com\/widgets.js\" charset=\"utf-8\"><\/script><\/p>\n<blockquote class=\"twitter-tweet\" data-width=\"500\" data-dnt=\"true\">\n<p lang=\"en\" dir=\"ltr\">Were 48 new Friends away from giving away a piece of <a href=\"https:\/\/twitter.com\/hashtag\/SOM2014?src=hash&amp;ref_src=twsrc%5Etfw\">#SOM2014<\/a> history that is <a href=\"https:\/\/twitter.com\/Monster_Truck_?ref_src=twsrc%5Etfw\">@Monster_Truck_<\/a> vinly\/shirt signed! &#8211; Paul<\/p>\n<p>&mdash; Sound of Music Festival (@BSOMF) <a href=\"https:\/\/twitter.com\/BSOMF\/status\/557602770102927360?ref_src=twsrc%5Etfw\">January 20, 2015<\/a><\/p><\/blockquote>\n<p><script async src=\"https:\/\/platform.twitter.com\/widgets.js\" charset=\"utf-8\"><\/script><\/p>\n<p>https:\/\/twitter.com\/squamishfest\/status\/508026551317692417<\/p>\n<blockquote class=\"twitter-tweet\" data-width=\"500\" data-dnt=\"true\">\n<p lang=\"en\" dir=\"ltr\">Tmrw we&#39;ll announce our location for late night jamming! Join us for all the fun at TD Ottawa Winter Jazz Fest Feb 6-8 and 13-15.<\/p>\n<p>&mdash; Ottawa Jazz Festival (@OttawaJazz) <a href=\"https:\/\/twitter.com\/OttawaJazz\/status\/559809632114192384?ref_src=twsrc%5Etfw\">January 26, 2015<\/a><\/p><\/blockquote>\n<p><script async src=\"https:\/\/platform.twitter.com\/widgets.js\" charset=\"utf-8\"><\/script><\/p>\n<blockquote class=\"twitter-tweet\" data-width=\"500\" data-dnt=\"true\">\n<p lang=\"en\" dir=\"ltr\">Excited to watch the <a href=\"https:\/\/twitter.com\/TheJUNOAwards?ref_src=twsrc%5Etfw\">@TheJUNOAwards<\/a> nominee announcement all the way from Victoria! <a href=\"https:\/\/twitter.com\/hashtag\/juno2015?src=hash&amp;ref_src=twsrc%5Etfw\">#juno2015<\/a><\/p>\n<p>&mdash; BreakOut West (@BreakOutWest) <a href=\"https:\/\/twitter.com\/BreakOutWest\/status\/560106998549585920?ref_src=twsrc%5Etfw\">January 27, 2015<\/a><\/p><\/blockquote>\n<p><script async src=\"https:\/\/platform.twitter.com\/widgets.js\" charset=\"utf-8\"><\/script><\/p>\n<blockquote class=\"twitter-tweet\" data-width=\"500\" data-dnt=\"true\">\n<p lang=\"en\" dir=\"ltr\">Beating out heavy hitters in the music industry, <a href=\"https:\/\/twitter.com\/tagaq?ref_src=twsrc%5Etfw\">@tagaq<\/a>&#39;s Animism album took the <a href=\"https:\/\/twitter.com\/hashtag\/PolarisPrize2014?src=hash&amp;ref_src=twsrc%5Etfw\">#PolarisPrize2014<\/a> yesterday: <a href=\"http:\/\/t.co\/rqkTlxSciH\">http:\/\/t.co\/rqkTlxSciH<\/a><\/p>\n<p>&mdash; s\u0101kihiw\u0113 festival (@sakihiwe) <a href=\"https:\/\/twitter.com\/sakihiwe\/status\/514442914609774592?ref_src=twsrc%5Etfw\">September 23, 2014<\/a><\/p><\/blockquote>\n<p><script async src=\"https:\/\/platform.twitter.com\/widgets.js\" charset=\"utf-8\"><\/script><\/p>\n<blockquote class=\"twitter-tweet\" data-width=\"500\" data-dnt=\"true\">\n<p lang=\"en\" dir=\"ltr\"><a href=\"https:\/\/twitter.com\/hashtag\/Shambhala?src=hash&amp;ref_src=twsrc%5Etfw\">#Shambhala<\/a> vibes contained within: Protoplanet (from Prime Ordeal) by <a href=\"https:\/\/twitter.com\/Lindsay_Lowend?ref_src=twsrc%5Etfw\">@Lindsay_Lowend<\/a> <a href=\"https:\/\/t.co\/Rbyp1Ej6Xk\">https:\/\/t.co\/Rbyp1Ej6Xk<\/a> on <a href=\"https:\/\/twitter.com\/hashtag\/SoundCloud?src=hash&amp;ref_src=twsrc%5Etfw\">#SoundCloud<\/a><\/p>\n<p>&mdash; Shambhala Music Festival (@shambhala_mf) <a href=\"https:\/\/twitter.com\/shambhala_mf\/status\/550410068576178176?ref_src=twsrc%5Etfw\">December 31, 2014<\/a><\/p><\/blockquote>\n<p><script async src=\"https:\/\/platform.twitter.com\/widgets.js\" charset=\"utf-8\"><\/script><\/p>\n<blockquote class=\"twitter-tweet\" data-width=\"500\" data-dnt=\"true\">\n<p lang=\"en\" dir=\"ltr\">Thanks to everyone who came out to Friday&#39;s Discovery Series! Twas a beautiful weekend indeed.<\/p>\n<p>&mdash; Field Trip (@FieldTrip) <a href=\"https:\/\/twitter.com\/FieldTrip\/status\/516598295796678657?ref_src=twsrc%5Etfw\">September 29, 2014<\/a><\/p><\/blockquote>\n<p><script async src=\"https:\/\/platform.twitter.com\/widgets.js\" charset=\"utf-8\"><\/script><\/p>\n<blockquote class=\"twitter-tweet\" data-width=\"500\" data-dnt=\"true\">\n<p lang=\"en\" dir=\"ltr\">Go on, enter our exclusive contest at <a href=\"http:\/\/t.co\/jrJuAM0raF\">http:\/\/t.co\/jrJuAM0raF<\/a> &#8211; you could win a pair of passes to <a href=\"https:\/\/twitter.com\/hashtag\/HEAVYMONTREAL2015?src=hash&amp;ref_src=twsrc%5Etfw\">#HEAVYMONTREAL2015<\/a> !!<\/p>\n<p>&mdash; HEAVY MONTR\u00c9AL (@heavymtl) <a href=\"https:\/\/twitter.com\/heavymtl\/status\/560520468877545474?ref_src=twsrc%5Etfw\">January 28, 2015<\/a><\/p><\/blockquote>\n<p><script async src=\"https:\/\/platform.twitter.com\/widgets.js\" charset=\"utf-8\"><\/script><\/p>\n<blockquote class=\"twitter-tweet\" data-width=\"500\" data-dnt=\"true\">\n<p lang=\"en\" dir=\"ltr\">Don&#39;t forget to sign up to be a member of our Beach Bunch email list! <a href=\"https:\/\/twitter.com\/hashtag\/CBMF2015?src=hash&amp;ref_src=twsrc%5Etfw\">#CBMF2015<\/a> <a href=\"http:\/\/t.co\/E0H4vypJ6c\">http:\/\/t.co\/E0H4vypJ6c<\/a><\/p>\n<p>&mdash; CavendishBeachMusic (@CavendishFest) <a href=\"https:\/\/twitter.com\/CavendishFest\/status\/560904062829604866?ref_src=twsrc%5Etfw\">January 29, 2015<\/a><\/p><\/blockquote>\n<p><script async src=\"https:\/\/platform.twitter.com\/widgets.js\" charset=\"utf-8\"><\/script><\/p>\n<blockquote class=\"twitter-tweet\" data-width=\"500\" data-dnt=\"true\">\n<p lang=\"fr\" dir=\"ltr\">Quand c&#39;est rendu qu&#39;ils mentionnent le Rockfest \u00e0 l&#39;\u00e9mission American Dad, il faut croire qu&#39;on a r\u00e9ussi!  \/\/&#8230; <a href=\"http:\/\/t.co\/2dYafNngoc\">http:\/\/t.co\/2dYafNngoc<\/a><\/p>\n<p>&mdash; MONTEBELLO ROCK (@montebellorock) <a href=\"https:\/\/twitter.com\/montebellorock\/status\/559852354556928002?ref_src=twsrc%5Etfw\">January 26, 2015<\/a><\/p><\/blockquote>\n<p><script async src=\"https:\/\/platform.twitter.com\/widgets.js\" charset=\"utf-8\"><\/script><\/p>\n<blockquote class=\"twitter-tweet\" data-width=\"500\" data-dnt=\"true\">\n<p lang=\"en\" dir=\"ltr\">We have our first 2015 Chevrolet Fan of the Month! Check our website to see if it is you or someone that you know! <a href=\"http:\/\/t.co\/Z1uj3WjKQX\">http:\/\/t.co\/Z1uj3WjKQX<\/a><\/p>\n<p>&mdash; Dauphins Countryfest (@dauphincfest) <a href=\"https:\/\/twitter.com\/dauphincfest\/status\/552158892210139136?ref_src=twsrc%5Etfw\">January 5, 2015<\/a><\/p><\/blockquote>\n<p><script async src=\"https:\/\/platform.twitter.com\/widgets.js\" charset=\"utf-8\"><\/script><\/p>\n<blockquote class=\"twitter-tweet\" data-width=\"500\" data-dnt=\"true\">\n<p lang=\"en\" dir=\"ltr\">Hope you&#39;re having some BIG FUN this weekend, Winnipeggers! <a href=\"https:\/\/twitter.com\/BigFunFestival?ref_src=twsrc%5Etfw\">@bigfunfestival<\/a> <a href=\"https:\/\/twitter.com\/hashtag\/BigFun2015?src=hash&amp;ref_src=twsrc%5Etfw\">#BigFun2015<\/a><\/p>\n<p>&mdash; Winnipeg Folk Fest (@Winnipegfolk) <a href=\"https:\/\/twitter.com\/Winnipegfolk\/status\/561616191366901760?ref_src=twsrc%5Etfw\">January 31, 2015<\/a><\/p><\/blockquote>\n<p><script async src=\"https:\/\/platform.twitter.com\/widgets.js\" charset=\"utf-8\"><\/script><\/p>\n<blockquote class=\"twitter-tweet\" data-width=\"500\" data-dnt=\"true\">\n<p lang=\"en\" dir=\"ltr\">First hear <a href=\"https:\/\/twitter.com\/andyshauf?ref_src=twsrc%5Etfw\">@andyshauf<\/a>&#39;s new album The Bearer of Bad News on <a href=\"https:\/\/twitter.com\/Spotify?ref_src=twsrc%5Etfw\">@Spotify<\/a> then see him live <a href=\"https:\/\/twitter.com\/artesianon13th?ref_src=twsrc%5Etfw\">@artesianon13th<\/a> Feb. 20th! <a href=\"http:\/\/t.co\/sXKesql2YI\">http:\/\/t.co\/sXKesql2YI<\/a><\/p>\n<p>&mdash; Regina Folk Festival (@ReginaFolkFest) <a href=\"https:\/\/twitter.com\/ReginaFolkFest\/status\/566316904122302464?ref_src=twsrc%5Etfw\">February 13, 2015<\/a><\/p><\/blockquote>\n<p><script async src=\"https:\/\/platform.twitter.com\/widgets.js\" charset=\"utf-8\"><\/script><\/p>\n<blockquote class=\"twitter-tweet\" data-width=\"500\" data-dnt=\"true\">\n<p lang=\"en\" dir=\"ltr\">Big news people. Big news. <a href=\"http:\/\/t.co\/4ULDOGfkiQ\">http:\/\/t.co\/4ULDOGfkiQ<\/a> <a href=\"https:\/\/twitter.com\/hashtag\/hillside2015?src=hash&amp;ref_src=twsrc%5Etfw\">#hillside2015<\/a><\/p>\n<p>&mdash; Hillside Festival (@HillsideFest) <a href=\"https:\/\/twitter.com\/HillsideFest\/status\/561029725603528704?ref_src=twsrc%5Etfw\">January 30, 2015<\/a><\/p><\/blockquote>\n<p><script async src=\"https:\/\/platform.twitter.com\/widgets.js\" charset=\"utf-8\"><\/script><\/p>\n<blockquote class=\"twitter-tweet\" data-width=\"500\" data-dnt=\"true\">\n<p lang=\"en\" dir=\"ltr\">Early bird prices won\u2019t last forever &#8211; act quick and save 20% on all 2015 festival passes! <a href=\"http:\/\/t.co\/0XX9ME7xJJ\">http:\/\/t.co\/0XX9ME7xJJ<\/a><\/p>\n<p>&mdash; sledisland (@sledisland) <a href=\"https:\/\/twitter.com\/sledisland\/status\/555513295344377857?ref_src=twsrc%5Etfw\">January 14, 2015<\/a><\/p><\/blockquote>\n<p><script async src=\"https:\/\/platform.twitter.com\/widgets.js\" charset=\"utf-8\"><\/script><\/p>\n<blockquote class=\"twitter-tweet\" data-width=\"500\" data-dnt=\"true\">\n<p lang=\"en\" dir=\"ltr\">For the next ten days, we\u2019ll be counting down our Top 10 moments of <a href=\"https:\/\/twitter.com\/hashtag\/Riff2014?src=hash&amp;ref_src=twsrc%5Etfw\">#Riff2014<\/a>! Be sure to tell us your favourite moments too! <a href=\"https:\/\/twitter.com\/hashtag\/RiffTop10?src=hash&amp;ref_src=twsrc%5Etfw\">#RiffTop10<\/a><\/p>\n<p>&mdash; Rifflandia Festival (@Rifflandia) <a href=\"https:\/\/twitter.com\/Rifflandia\/status\/547089232490033153?ref_src=twsrc%5Etfw\">December 22, 2014<\/a><\/p><\/blockquote>\n<p><script async src=\"https:\/\/platform.twitter.com\/widgets.js\" charset=\"utf-8\"><\/script><\/p>\n<p>https:\/\/twitter.com\/FestivalEteQc\/status\/560186714082516992<\/p>\n<blockquote class=\"twitter-tweet\" data-width=\"500\" data-dnt=\"true\">\n<p lang=\"en\" dir=\"ltr\">Congrats to all the talented bands nominated for <a href=\"https:\/\/twitter.com\/TheJUNOAwards?ref_src=twsrc%5Etfw\">@TheJUNOAwards<\/a>! <a href=\"https:\/\/twitter.com\/hashtag\/JUNOS?src=hash&amp;ref_src=twsrc%5Etfw\">#JUNOS<\/a> <a href=\"https:\/\/twitter.com\/hashtag\/Music?src=hash&amp;ref_src=twsrc%5Etfw\">#Music<\/a> <a href=\"https:\/\/twitter.com\/hashtag\/Canada?src=hash&amp;ref_src=twsrc%5Etfw\">#Canada<\/a> <a href=\"https:\/\/twitter.com\/hashtag\/ProudtobeCanadian?src=hash&amp;ref_src=twsrc%5Etfw\">#ProudtobeCanadian<\/a><\/p>\n<p>&mdash; Ottawa Bluesfest (@ottawabluesfest) <a href=\"https:\/\/twitter.com\/ottawabluesfest\/status\/560115648836427776?ref_src=twsrc%5Etfw\">January 27, 2015<\/a><\/p><\/blockquote>\n<p><script async src=\"https:\/\/platform.twitter.com\/widgets.js\" charset=\"utf-8\"><\/script><\/p>\n<blockquote class=\"twitter-tweet\" data-width=\"500\" data-dnt=\"true\">\n<p lang=\"en\" dir=\"ltr\">Please take a moment to familiarize yourself with the @COGFestival rules. See you tomorrow!!! <a href=\"http:\/\/t.co\/i1eZIo0EMX\">http:\/\/t.co\/i1eZIo0EMX<\/a><\/p>\n<p>&mdash; Center of Gravity (@centerofgravity) <a href=\"https:\/\/twitter.com\/centerofgravity\/status\/492454927403601920?ref_src=twsrc%5Etfw\">July 24, 2014<\/a><\/p><\/blockquote>\n<p><script async src=\"https:\/\/platform.twitter.com\/widgets.js\" charset=\"utf-8\"><\/script><\/p>\n<blockquote class=\"twitter-tweet\" data-width=\"500\" data-dnt=\"true\">\n<p lang=\"en\" dir=\"ltr\">RT @evenko_en: Tonight don&#39;t miss <a href=\"https:\/\/twitter.com\/PolarisPrize?ref_src=twsrc%5Etfw\">@PolarisPrize<\/a> on @AUXTV ! Amazing event for amazing artists! <a href=\"https:\/\/twitter.com\/hashtag\/Polaris2014?src=hash&amp;ref_src=twsrc%5Etfw\">#Polaris2014<\/a><\/p>\n<p>&mdash; OSHEAGA (@osheaga) <a href=\"https:\/\/twitter.com\/osheaga\/status\/514156750254395393?ref_src=twsrc%5Etfw\">September 22, 2014<\/a><\/p><\/blockquote>\n<p><script async src=\"https:\/\/platform.twitter.com\/widgets.js\" charset=\"utf-8\"><\/script><\/p>\n<blockquote class=\"twitter-tweet\" data-width=\"500\" data-dnt=\"true\">\n<p lang=\"en\" dir=\"ltr\">Congrats to <a href=\"https:\/\/twitter.com\/hashtag\/boots2015?src=hash&amp;ref_src=twsrc%5Etfw\">#boots2015<\/a> artists for their ACM Award nominations! Can&#39;t wait to see you this summer <a href=\"https:\/\/twitter.com\/ericchurch?ref_src=twsrc%5Etfw\">@ericchurch<\/a> &amp; <a href=\"https:\/\/twitter.com\/FLAGALine?ref_src=twsrc%5Etfw\">@FLAGALine<\/a><\/p>\n<p>&mdash; Boots and Hearts (@BootsandHearts) <a href=\"https:\/\/twitter.com\/BootsandHearts\/status\/561242057667538945?ref_src=twsrc%5Etfw\">January 30, 2015<\/a><\/p><\/blockquote>\n<p><script async src=\"https:\/\/platform.twitter.com\/widgets.js\" charset=\"utf-8\"><\/script><\/p>\n<p>https:\/\/twitter.com\/turfTO\/status\/488703568644698112<\/p>\n<blockquote class=\"twitter-tweet\" data-width=\"500\" data-dnt=\"true\">\n<p lang=\"en\" dir=\"ltr\">CHICAGO. TONIGHT. <a href=\"https:\/\/twitter.com\/luceromusic?ref_src=twsrc%5Etfw\">@luceromusic<\/a> is playing at <a href=\"https:\/\/twitter.com\/ConcordHall?ref_src=twsrc%5Etfw\">@ConcordHall<\/a>. Tickets available at the door. <a href=\"http:\/\/t.co\/AqES4ASLnq\">http:\/\/t.co\/AqES4ASLnq<\/a><\/p>\n<p>&mdash; Riot Fest (@RiotFest) <a href=\"https:\/\/twitter.com\/RiotFest\/status\/556572531616796672?ref_src=twsrc%5Etfw\">January 17, 2015<\/a><\/p><\/blockquote>\n<p><script async src=\"https:\/\/platform.twitter.com\/widgets.js\" charset=\"utf-8\"><\/script><\/p>\n<p>https:\/\/twitter.com\/welcomeOVO\/status\/577835135292334081<\/p>\n<p style=\"text-align: center;\"><a class=\"button red-solid\" title=\"Tariffs\" href=\"\/fr\/cdnmusic-comptes-suivre\/\">Retour<\/a><\/p>\n","protected":false},"excerpt":{"rendered":"<p>Suivez ces comptes sur Twitter pour demeurer au fait des festivals, des galas de remise de prix et de tous les autres \u00e9v\u00e9nements. &nbsp; It gets better! @KnifePartyinc &amp; @DJTommyTrash will be doing a back-to-back set tonight at the #VELD2014 After Party! http:\/\/t.co\/A4oKVJCwXt &mdash; Veld Music Festival (@VELDFest) August 3, 2014 Bravo \u00e0 @KloPelgag , [&hellip;]<\/p>\n","protected":false},"author":15,"featured_media":0,"parent":0,"menu_order":0,"comment_status":"closed","ping_status":"open","template":"template-static.php","meta":{"footnotes":""},"class_list":["post-2072","page","type-page","status-publish","hentry"],"aioseo_notices":[],"_links":{"self":[{"href":"https:\/\/www.resound.ca\/fr\/wp-json\/wp\/v2\/pages\/2072","targetHints":{"allow":["GET"]}}],"collection":[{"href":"https:\/\/www.resound.ca\/fr\/wp-json\/wp\/v2\/pages"}],"about":[{"href":"https:\/\/www.resound.ca\/fr\/wp-json\/wp\/v2\/types\/page"}],"author":[{"embeddable":true,"href":"https:\/\/www.resound.ca\/fr\/wp-json\/wp\/v2\/users\/15"}],"replies":[{"embeddable":true,"href":"https:\/\/www.resound.ca\/fr\/wp-json\/wp\/v2\/comments?post=2072"}],"version-history":[{"count":0,"href":"https:\/\/www.resound.ca\/fr\/wp-json\/wp\/v2\/pages\/2072\/revisions"}],"wp:attachment":[{"href":"https:\/\/www.resound.ca\/fr\/wp-json\/wp\/v2\/media?parent=2072"}],"curies":[{"name":"wp","href":"https:\/\/api.w.org\/{rel}","templated":true}]}}