{"id":2061,"date":"2015-02-09T13:32:10","date_gmt":"2015-02-09T18:32:10","guid":{"rendered":"http:\/\/resound.ca\/cdnmusic-music-resources-2\/"},"modified":"2015-02-13T09:36:09","modified_gmt":"2015-02-13T14:36:09","slug":"cdnmusic-ressources-musicales","status":"publish","type":"page","link":"https:\/\/www.resound.ca\/fr\/cdnmusic-ressources-musicales\/","title":{"rendered":"#CDNMusic &#8211; Ressources musicales"},"content":{"rendered":"<p style=\"text-align: center;\"><strong>Suivez ces comptes sur Twitter pour demeurer \u00e0 l\u2019aff\u00fbt des nouveaux groupes canadiens, des albums \u00e0 \u00e9couter et des spectacles dans votre r\u00e9gion.<\/strong><\/p>\n<p>&nbsp;<\/p>\n<blockquote class=\"twitter-tweet\" data-width=\"500\" data-dnt=\"true\">\n<p lang=\"en\" dir=\"ltr\">Subscribe to the Free Canadian Musician eNewsletter <\/p>\n<p>READ ABOUT&#8230;Industry News, Artist profiles, Product&#8230; <a href=\"http:\/\/t.co\/irZ5Zs25Ro\">http:\/\/t.co\/irZ5Zs25Ro<\/a><\/p>\n<p>&mdash; Canadian Musician Magazine (@cdnmusician) <a href=\"https:\/\/twitter.com\/cdnmusician\/status\/545038258749837312?ref_src=twsrc%5Etfw\">December 17, 2014<\/a><\/p><\/blockquote>\n<p><script async src=\"https:\/\/platform.twitter.com\/widgets.js\" charset=\"utf-8\"><\/script><\/p>\n<blockquote class=\"twitter-tweet\" data-width=\"500\" data-dnt=\"true\">\n<p lang=\"en\" dir=\"ltr\">\u201cEvening Star\u201d by Cannons | Free Bike Valet <a href=\"http:\/\/t.co\/fpvm2TOku7\">http:\/\/t.co\/fpvm2TOku7<\/a><\/p>\n<p>&mdash; Indie Music Filter (@indiemusicfiltr) <a href=\"https:\/\/twitter.com\/indiemusicfiltr\/status\/561286711192588288?ref_src=twsrc%5Etfw\">January 30, 2015<\/a><\/p><\/blockquote>\n<p><script async src=\"https:\/\/platform.twitter.com\/widgets.js\" charset=\"utf-8\"><\/script><\/p>\n<p>https:\/\/twitter.com\/wastespacer\/status\/563437637697306624<\/p>\n<blockquote class=\"twitter-tweet\" data-width=\"500\" data-dnt=\"true\">\n<p lang=\"en\" dir=\"ltr\">Recap: We contest <a href=\"https:\/\/twitter.com\/TheDecemberists?ref_src=twsrc%5Etfw\">@TheDecemberists<\/a> CD, review <a href=\"https:\/\/twitter.com\/PURITY_RING?ref_src=twsrc%5Etfw\">@PURITY_RING<\/a>, and photograph <a href=\"https:\/\/twitter.com\/alanthomasdoyle?ref_src=twsrc%5Etfw\">@AlanThomasDoyle<\/a> <a href=\"https:\/\/twitter.com\/thehipdotcom?ref_src=twsrc%5Etfw\">@TheHipDotCom<\/a> &#8211; <a href=\"http:\/\/t.co\/3gCI1Rv09y\">http:\/\/t.co\/3gCI1Rv09y<\/a><\/p>\n<p>&mdash; Alicia Atout (@AliciaAtout) <a href=\"https:\/\/twitter.com\/AliciaAtout\/status\/564785246064087040?ref_src=twsrc%5Etfw\">February 9, 2015<\/a><\/p><\/blockquote>\n<p><script async src=\"https:\/\/platform.twitter.com\/widgets.js\" charset=\"utf-8\"><\/script><\/p>\n<blockquote class=\"twitter-tweet\" data-width=\"500\" data-dnt=\"true\">\n<p lang=\"fr\" dir=\"ltr\">Revoyez l&#39;avant-dernier \u00e9p de <a href=\"https:\/\/twitter.com\/hashtag\/BRBRminuit?src=hash&amp;ref_src=twsrc%5Etfw\">#BRBRminuit<\/a> avec Eug\u00e8ne et le cheval! Le groupe nous pr\u00e9sente ses coups de c\u0153ur: @Karim_Ouellet et plus!<\/p>\n<p>&mdash; BRBR (@BRBRTFO) <a href=\"https:\/\/twitter.com\/BRBRTFO\/status\/563865039921479680?ref_src=twsrc%5Etfw\">February 7, 2015<\/a><\/p><\/blockquote>\n<p><script async src=\"https:\/\/platform.twitter.com\/widgets.js\" charset=\"utf-8\"><\/script><\/p>\n<blockquote class=\"twitter-tweet\" data-width=\"500\" data-dnt=\"true\">\n<p lang=\"en\" dir=\"ltr\">PJ Harvey, Jimi Hendrix, Nas, Zeppelin, Bjork, Queen, Janis Joplin, Run DMC, Patsy Cline, The Who, &amp; Morrissey all have never won a Grammy.<\/p>\n<p>&mdash; Aesthetic Magazine (@Aesthetic_Mag) <a href=\"https:\/\/twitter.com\/Aesthetic_Mag\/status\/564587064352841729?ref_src=twsrc%5Etfw\">February 9, 2015<\/a><\/p><\/blockquote>\n<p><script async src=\"https:\/\/platform.twitter.com\/widgets.js\" charset=\"utf-8\"><\/script><\/p>\n<blockquote class=\"twitter-tweet\" data-width=\"500\" data-dnt=\"true\">\n<p lang=\"en\" dir=\"ltr\">\u201c&#8230; But ranking music that way isn\u2019t necessarily how you build a community, or how you encourage art\u201d &#8211; <a href=\"https:\/\/twitter.com\/puptheband?ref_src=twsrc%5Etfw\">@puptheband<\/a> <a href=\"http:\/\/t.co\/hXLtSDsVmq\">http:\/\/t.co\/hXLtSDsVmq<\/a><\/p>\n<p>&mdash; The Scene Magazine (@thescenemag) <a href=\"https:\/\/twitter.com\/thescenemag\/status\/545204729358606336?ref_src=twsrc%5Etfw\">December 17, 2014<\/a><\/p><\/blockquote>\n<p><script async src=\"https:\/\/platform.twitter.com\/widgets.js\" charset=\"utf-8\"><\/script><\/p>\n<blockquote class=\"twitter-tweet\" data-width=\"500\" data-dnt=\"true\">\n<p lang=\"en\" dir=\"ltr\">Congratulations to <a href=\"https:\/\/twitter.com\/dragonette?ref_src=twsrc%5Etfw\">@dragonette<\/a>. &quot;Outlines&quot; debuts on the official UK singles chart at #8!<\/p>\n<p>&mdash; Canadian Music Blog (@CanadianMusicBl) <a href=\"https:\/\/twitter.com\/CanadianMusicBl\/status\/564603183821885440?ref_src=twsrc%5Etfw\">February 9, 2015<\/a><\/p><\/blockquote>\n<p><script async src=\"https:\/\/platform.twitter.com\/widgets.js\" charset=\"utf-8\"><\/script><\/p>\n<blockquote class=\"twitter-tweet\" data-width=\"500\" data-dnt=\"true\">\n<p lang=\"fr\" dir=\"ltr\">MT @QuebecEuropeBe: &quot;\u00c9coute int\u00e9grale de Jean Leloup <a href=\"https:\/\/twitter.com\/hashtag\/%C3%80ParadisCity?src=hash&amp;ref_src=twsrc%5Etfw\">#\u00c0ParadisCity<\/a> <a href=\"http:\/\/t.co\/WYUADqg7zW\">http:\/\/t.co\/WYUADqg7zW<\/a> encore dispo en \u00e9coute libre&quot; Jusqu&#39;\u00e0 mardi minuit<\/p>\n<p>&mdash; ICI Musique (@icimusique) <a href=\"https:\/\/twitter.com\/icimusique\/status\/564781822757060608?ref_src=twsrc%5Etfw\">February 9, 2015<\/a><\/p><\/blockquote>\n<p><script async src=\"https:\/\/platform.twitter.com\/widgets.js\" charset=\"utf-8\"><\/script><\/p>\n<blockquote class=\"twitter-tweet\" data-width=\"500\" data-dnt=\"true\">\n<p lang=\"en\" dir=\"ltr\"><a href=\"https:\/\/twitter.com\/theroadhammers?ref_src=twsrc%5Etfw\">@TheRoadHammers<\/a> HUGE success in 2014 <a href=\"http:\/\/t.co\/kaHtMVejlV\">http:\/\/t.co\/kaHtMVejlV<\/a><\/p>\n<p>&mdash; Countrified Canada (@countrifiedca) <a href=\"https:\/\/twitter.com\/countrifiedca\/status\/562682059836387329?ref_src=twsrc%5Etfw\">February 3, 2015<\/a><\/p><\/blockquote>\n<p><script async src=\"https:\/\/platform.twitter.com\/widgets.js\" charset=\"utf-8\"><\/script><\/p>\n<blockquote class=\"twitter-tweet\" data-width=\"500\" data-dnt=\"true\">\n<p lang=\"en\" dir=\"ltr\"><a href=\"https:\/\/twitter.com\/JamesOkay?ref_src=twsrc%5Etfw\">@JamesOkay<\/a> James O&#39;Callaghan&#39;s Bodies-Soundings wins 1st place in <a href=\"https:\/\/twitter.com\/MusicworksMag?ref_src=twsrc%5Etfw\">@MusicworksMag<\/a> 2014 <a href=\"https:\/\/twitter.com\/hashtag\/electronicmusic?src=hash&amp;ref_src=twsrc%5Etfw\">#electronicmusic<\/a> composition contest. Story next issue<\/p>\n<p>&mdash; Musicworks (@MusicworksMag) <a href=\"https:\/\/twitter.com\/MusicworksMag\/status\/562794163838926849?ref_src=twsrc%5Etfw\">February 4, 2015<\/a><\/p><\/blockquote>\n<p><script async src=\"https:\/\/platform.twitter.com\/widgets.js\" charset=\"utf-8\"><\/script><\/p>\n<blockquote class=\"twitter-tweet\" data-width=\"500\" data-dnt=\"true\">\n<p lang=\"en\" dir=\"ltr\">Winnipeg&#39;s Camp David&#39;s latest EP is absolutely amazing. Must-listen, this one: <a href=\"http:\/\/t.co\/oRDwie9pab\">http:\/\/t.co\/oRDwie9pab<\/a><\/p>\n<p>&mdash; Silent Shout (@silentshoutca) <a href=\"https:\/\/twitter.com\/silentshoutca\/status\/563792354952634368?ref_src=twsrc%5Etfw\">February 6, 2015<\/a><\/p><\/blockquote>\n<p><script async src=\"https:\/\/platform.twitter.com\/widgets.js\" charset=\"utf-8\"><\/script><\/p>\n<blockquote class=\"twitter-tweet\" data-width=\"500\" data-dnt=\"true\">\n<p lang=\"en\" dir=\"ltr\">[Interview] Omen talks early album influences, his family&#39;s musical history, and avoiding foolish pride <a href=\"http:\/\/t.co\/sibakMa1vg\">http:\/\/t.co\/sibakMa1vg<\/a><\/p>\n<p>&mdash; The Come Up Show (@thecomeupshow) <a href=\"https:\/\/twitter.com\/thecomeupshow\/status\/564155571369037824?ref_src=twsrc%5Etfw\">February 7, 2015<\/a><\/p><\/blockquote>\n<p><script async src=\"https:\/\/platform.twitter.com\/widgets.js\" charset=\"utf-8\"><\/script><\/p>\n<blockquote class=\"twitter-tweet\" data-width=\"500\" data-dnt=\"true\">\n<p lang=\"fr\" dir=\"ltr\">Grand Magus: Tu dois prendre 5 minutes pour appr\u00e9cier cette chanson: Yanick Klimbo Tremblay, sur son blogue : &#8230; <a href=\"http:\/\/t.co\/Uq5SxXk2zH\">http:\/\/t.co\/Uq5SxXk2zH<\/a><\/p>\n<p>&mdash; BangBang (@BangBangBlog) <a href=\"https:\/\/twitter.com\/BangBangBlog\/status\/433442644992081920?ref_src=twsrc%5Etfw\">February 12, 2014<\/a><\/p><\/blockquote>\n<p><script async src=\"https:\/\/platform.twitter.com\/widgets.js\" charset=\"utf-8\"><\/script><\/p>\n<blockquote class=\"twitter-tweet\" data-width=\"500\" data-dnt=\"true\">\n<p lang=\"en\" dir=\"ltr\">Toronto&#39;s own <a href=\"https:\/\/twitter.com\/theweeknd?ref_src=twsrc%5Etfw\">@theweeknd<\/a> rocking a black velvet tuxedo, and looking real nervous. Don&#39;t worry Abel, you&#39;re a superstar, relax bro. <a href=\"https:\/\/twitter.com\/hashtag\/GRAMMYs?src=hash&amp;ref_src=twsrc%5Etfw\">#GRAMMYs<\/a><\/p>\n<p>&mdash; Sidewalk Hustle (@SidewalkHustle) <a href=\"https:\/\/twitter.com\/SidewalkHustle\/status\/564613513935855617?ref_src=twsrc%5Etfw\">February 9, 2015<\/a><\/p><\/blockquote>\n<p><script async src=\"https:\/\/platform.twitter.com\/widgets.js\" charset=\"utf-8\"><\/script><\/p>\n<p>https:\/\/twitter.com\/southern_souls\/status\/561188681177108480<\/p>\n<blockquote class=\"twitter-tweet\" data-width=\"500\" data-dnt=\"true\">\n<p lang=\"en\" dir=\"ltr\">YouYourself&amp;i returns with a lush EP filled with warmth and thematic complexity: <a href=\"http:\/\/t.co\/huKUizflUE\">http:\/\/t.co\/huKUizflUE<\/a><\/p>\n<p>&mdash; Grayowl Point (@grayowlpoint) <a href=\"https:\/\/twitter.com\/grayowlpoint\/status\/564805238255648769?ref_src=twsrc%5Etfw\">February 9, 2015<\/a><\/p><\/blockquote>\n<p><script async src=\"https:\/\/platform.twitter.com\/widgets.js\" charset=\"utf-8\"><\/script><\/p>\n<blockquote class=\"twitter-tweet\" data-width=\"500\" data-dnt=\"true\">\n<p lang=\"fr\" dir=\"ltr\">Animal Collective sera en DJ set le 27 f\u00e9vrier prochain \u00e0 Laval. Billets dispo ce vendredi d\u00e8s 9h <a href=\"http:\/\/t.co\/JnrAwnlN5p\">http:\/\/t.co\/JnrAwnlN5p<\/a><\/p>\n<p>&mdash; Sc\u00e8ne 1425 (@scene1425) <a href=\"https:\/\/twitter.com\/scene1425\/status\/552553493371027456?ref_src=twsrc%5Etfw\">January 6, 2015<\/a><\/p><\/blockquote>\n<p><script async src=\"https:\/\/platform.twitter.com\/widgets.js\" charset=\"utf-8\"><\/script><\/p>\n<p>https:\/\/twitter.com\/BeatRouteAB\/status\/563072787766841346<\/p>\n<blockquote class=\"twitter-tweet\" data-width=\"500\" data-dnt=\"true\">\n<p lang=\"en\" dir=\"ltr\">Mark reviewed <a href=\"https:\/\/twitter.com\/freakheatwaves?ref_src=twsrc%5Etfw\">@freakheatwaves<\/a> &#39;Bonnie&#39;s State of Mind&#39; <a href=\"http:\/\/t.co\/rX3vsek8zH\">http:\/\/t.co\/rX3vsek8zH<\/a><\/p>\n<p>&mdash; Tiana Feng (@tianafeng) <a href=\"https:\/\/twitter.com\/tianafeng\/status\/563338105059803136?ref_src=twsrc%5Etfw\">February 5, 2015<\/a><\/p><\/blockquote>\n<p><script async src=\"https:\/\/platform.twitter.com\/widgets.js\" charset=\"utf-8\"><\/script><\/p>\n<blockquote class=\"twitter-tweet\" data-width=\"500\" data-dnt=\"true\">\n<p lang=\"en\" dir=\"ltr\">Listen to &quot;Forward Thinking,&quot; the new track from <a href=\"https:\/\/twitter.com\/TheMarchDivide?ref_src=twsrc%5Etfw\">@Themarchdivide<\/a>: <a href=\"http:\/\/t.co\/rwut56osmV\">http:\/\/t.co\/rwut56osmV<\/a><\/p>\n<p>&mdash; Exclaim! News (@exclaimnews) <a href=\"https:\/\/twitter.com\/exclaimnews\/status\/564814838413934593?ref_src=twsrc%5Etfw\">February 9, 2015<\/a><\/p><\/blockquote>\n<p><script async src=\"https:\/\/platform.twitter.com\/widgets.js\" charset=\"utf-8\"><\/script><\/p>\n<blockquote class=\"twitter-tweet\" data-width=\"500\" data-dnt=\"true\">\n<p lang=\"en\" dir=\"ltr\">Tonight! @ChrstanHansn <a href=\"https:\/\/twitter.com\/dreamjefferson?ref_src=twsrc%5Etfw\">@DreamJefferson<\/a> and <a href=\"https:\/\/twitter.com\/ListentoBamboo?ref_src=twsrc%5Etfw\">@ListenToBamboo<\/a> play @GladstoneHotel &#8211; be there! <a href=\"http:\/\/t.co\/dCksVkeBws\">http:\/\/t.co\/dCksVkeBws<\/a> @2waymonologues<\/p>\n<p>&mdash; THE iNDiE MACHiNE (@TheIndieMachine) <a href=\"https:\/\/twitter.com\/TheIndieMachine\/status\/561309920193437698?ref_src=twsrc%5Etfw\">January 30, 2015<\/a><\/p><\/blockquote>\n<p><script async src=\"https:\/\/platform.twitter.com\/widgets.js\" charset=\"utf-8\"><\/script><\/p>\n<blockquote class=\"twitter-tweet\" data-width=\"500\" data-dnt=\"true\">\n<p lang=\"en\" dir=\"ltr\">.<a href=\"https:\/\/twitter.com\/ABTRIO?ref_src=twsrc%5Etfw\">@abtrio<\/a> debuts at #22 on the national campus radio chart with &#39;Out West&#39; proving that campus radio is more than indie rock! <a href=\"https:\/\/twitter.com\/chronorecords?ref_src=twsrc%5Etfw\">@chronorecords<\/a><\/p>\n<p>&mdash; Dale Speaking (@Dale_Speaking) <a href=\"https:\/\/twitter.com\/Dale_Speaking\/status\/563016483325083651?ref_src=twsrc%5Etfw\">February 4, 2015<\/a><\/p><\/blockquote>\n<p><script async src=\"https:\/\/platform.twitter.com\/widgets.js\" charset=\"utf-8\"><\/script><\/p>\n<blockquote class=\"twitter-tweet\" data-width=\"500\" data-dnt=\"true\">\n<p lang=\"en\" dir=\"ltr\">&quot;If anyone&#39;s been to Burl&#39;s Creek, I want to make a statement: You haven&#39;t been to Burl&#39;s Creek&quot; <a href=\"https:\/\/twitter.com\/hashtag\/Wayhome?src=hash&amp;ref_src=twsrc%5Etfw\">#Wayhome<\/a> boasts biggest fest site in Canada<\/p>\n<p>&mdash; LIVE IN LIMBO (@liveinlimbo) <a href=\"https:\/\/twitter.com\/liveinlimbo\/status\/565531570812243969?ref_src=twsrc%5Etfw\">February 11, 2015<\/a><\/p><\/blockquote>\n<p><script async src=\"https:\/\/platform.twitter.com\/widgets.js\" charset=\"utf-8\"><\/script><\/p>\n<p>https:\/\/twitter.com\/winnie_cooper\/status\/563449465894633472<\/p>\n<p>https:\/\/twitter.com\/earshot_online\/status\/562851506257682432<\/p>\n<blockquote class=\"twitter-tweet\" data-width=\"500\" data-dnt=\"true\">\n<p lang=\"en\" dir=\"ltr\">UNLEASHED Unveil New Album Title, Artwork; Pre-Order Launched: With their new album, Dawn Of The Nine, legenda&#8230; <a href=\"http:\/\/t.co\/XvZ7aHQU71\">http:\/\/t.co\/XvZ7aHQU71<\/a><\/p>\n<p>&mdash; BraveWords (@BraveWords666) <a href=\"https:\/\/twitter.com\/BraveWords666\/status\/564793033258844162?ref_src=twsrc%5Etfw\">February 9, 2015<\/a><\/p><\/blockquote>\n<p><script async src=\"https:\/\/platform.twitter.com\/widgets.js\" charset=\"utf-8\"><\/script><\/p>\n<p>https:\/\/twitter.com\/ThatEricAlper\/status\/564808629053046784<\/p>\n<blockquote class=\"twitter-tweet\" data-width=\"500\" data-dnt=\"true\">\n<p lang=\"en\" dir=\"ltr\">We&#39;ve randomly selected <a href=\"https:\/\/twitter.com\/ceenoEvol?ref_src=twsrc%5Etfw\">@ceenoEvol<\/a> as our <a href=\"https:\/\/twitter.com\/hashtag\/Blackout5?src=hash&amp;ref_src=twsrc%5Etfw\">#Blackout5<\/a> contest winner! Thank you <a href=\"https:\/\/twitter.com\/hashtag\/OVOKOTD?src=hash&amp;ref_src=twsrc%5Etfw\">#OVOKOTD<\/a> &amp; everyone who participated! <a href=\"https:\/\/twitter.com\/hashtag\/BO5?src=hash&amp;ref_src=twsrc%5Etfw\">#BO5<\/a> is this weekend!<\/p>\n<p>&mdash; HipHopCanada (@HipHopCanada) <a href=\"https:\/\/twitter.com\/HipHopCanada\/status\/563805240710135808?ref_src=twsrc%5Etfw\">February 6, 2015<\/a><\/p><\/blockquote>\n<p><script async src=\"https:\/\/platform.twitter.com\/widgets.js\" charset=\"utf-8\"><\/script><\/p>\n<blockquote class=\"twitter-tweet\" data-width=\"500\" data-dnt=\"true\">\n<p lang=\"en\" dir=\"ltr\">Toronto artist <a href=\"https:\/\/twitter.com\/hashtag\/Egyptrixx?src=hash&amp;ref_src=twsrc%5Etfw\">#Egyptrixx<\/a> talks about his new record label <a href=\"https:\/\/twitter.com\/HALOCLINETRANCE?ref_src=twsrc%5Etfw\">@HALOCLINETRANCE<\/a>: <a href=\"http:\/\/t.co\/ArSNF9P4lJ\">http:\/\/t.co\/ArSNF9P4lJ<\/a><\/p>\n<p>&mdash; Chart Attack (@ChartAttack) <a href=\"https:\/\/twitter.com\/ChartAttack\/status\/564819105686224896?ref_src=twsrc%5Etfw\">February 9, 2015<\/a><\/p><\/blockquote>\n<p><script async src=\"https:\/\/platform.twitter.com\/widgets.js\" charset=\"utf-8\"><\/script><\/p>\n<blockquote class=\"twitter-tweet\" data-width=\"500\" data-dnt=\"true\">\n<p lang=\"en\" dir=\"ltr\">QBiM&#39;s BEST OF 2015: <a href=\"https:\/\/twitter.com\/vietcongband?ref_src=twsrc%5Etfw\">@VietCongBand<\/a> &#8211; Viet Cong: <a href=\"http:\/\/t.co\/TUixz3Ldi8\">http:\/\/t.co\/TUixz3Ldi8<\/a><\/p>\n<p>&mdash; QuickBeforeItMelts (@QuickB4ItMelts) <a href=\"https:\/\/twitter.com\/QuickB4ItMelts\/status\/564544325628203008?ref_src=twsrc%5Etfw\">February 8, 2015<\/a><\/p><\/blockquote>\n<p><script async src=\"https:\/\/platform.twitter.com\/widgets.js\" charset=\"utf-8\"><\/script><\/p>\n<blockquote class=\"twitter-tweet\" data-width=\"500\" data-dnt=\"true\">\n<p lang=\"en\" dir=\"ltr\">If loving the fact <a href=\"https:\/\/twitter.com\/shadkmusic?ref_src=twsrc%5Etfw\">@shadkmusic<\/a> made a TLC sagging jeans reference is wrong, well, we don&#39;t want to be right. <a href=\"https:\/\/twitter.com\/hashtag\/waterfalls?src=hash&amp;ref_src=twsrc%5Etfw\">#waterfalls<\/a><\/p>\n<p>&mdash; herohill (@herohill) <a href=\"https:\/\/twitter.com\/herohill\/status\/539451194624983040?ref_src=twsrc%5Etfw\">December 1, 2014<\/a><\/p><\/blockquote>\n<p><script async src=\"https:\/\/platform.twitter.com\/widgets.js\" charset=\"utf-8\"><\/script><\/p>\n<p style=\"text-align: center;\"><a class=\"button red-solid\" title=\"Tariffs\" href=\"\/fr\/cdnmusic-comptes-suivre\/\">Retour<\/a><\/p>\n","protected":false},"excerpt":{"rendered":"<p>Suivez ces comptes sur Twitter pour demeurer \u00e0 l\u2019aff\u00fbt des nouveaux groupes canadiens, des albums \u00e0 \u00e9couter et des spectacles dans votre r\u00e9gion. &nbsp; Subscribe to the Free Canadian Musician eNewsletter READ ABOUT&#8230;Industry News, Artist profiles, Product&#8230; http:\/\/t.co\/irZ5Zs25Ro &mdash; Canadian Musician Magazine (@cdnmusician) December 17, 2014 \u201cEvening Star\u201d by Cannons | Free Bike Valet http:\/\/t.co\/fpvm2TOku7 [&hellip;]<\/p>\n","protected":false},"author":15,"featured_media":0,"parent":0,"menu_order":0,"comment_status":"closed","ping_status":"open","template":"template-static.php","meta":{"footnotes":""},"class_list":["post-2061","page","type-page","status-publish","hentry"],"aioseo_notices":[],"_links":{"self":[{"href":"https:\/\/www.resound.ca\/fr\/wp-json\/wp\/v2\/pages\/2061","targetHints":{"allow":["GET"]}}],"collection":[{"href":"https:\/\/www.resound.ca\/fr\/wp-json\/wp\/v2\/pages"}],"about":[{"href":"https:\/\/www.resound.ca\/fr\/wp-json\/wp\/v2\/types\/page"}],"author":[{"embeddable":true,"href":"https:\/\/www.resound.ca\/fr\/wp-json\/wp\/v2\/users\/15"}],"replies":[{"embeddable":true,"href":"https:\/\/www.resound.ca\/fr\/wp-json\/wp\/v2\/comments?post=2061"}],"version-history":[{"count":0,"href":"https:\/\/www.resound.ca\/fr\/wp-json\/wp\/v2\/pages\/2061\/revisions"}],"wp:attachment":[{"href":"https:\/\/www.resound.ca\/fr\/wp-json\/wp\/v2\/media?parent=2061"}],"curies":[{"name":"wp","href":"https:\/\/api.w.org\/{rel}","templated":true}]}}