{"id":2052,"date":"2015-02-10T15:20:55","date_gmt":"2015-02-10T20:20:55","guid":{"rendered":"http:\/\/resound.ca\/cdnmusic-follow-2\/"},"modified":"2015-02-12T14:32:08","modified_gmt":"2015-02-12T19:32:08","slug":"cdnmusic-comptes-suivre","status":"publish","type":"page","link":"https:\/\/www.resound.ca\/fr\/cdnmusic-comptes-suivre\/","title":{"rendered":"#CDNMusic &#8211; Les comptes \u00e0 suivre"},"content":{"rendered":"<p style=\"text-align: center;\"><strong>Vous \u00eates un mordu de l\u2019industrie musicale canadienne? Suivez les comptes Twitter #CDNMusic pour les d\u00e9veloppements dans l\u2019industrie, la nouvelle musique canadienne, les possibilit\u00e9s et les mises \u00e0 jour.<\/strong><\/p>\n<h1 style=\"text-align: center;\"><\/h1>\n<h1 style=\"text-align: center;\"><a href=\"http:\/\/resound.ca\/fr\/cdnmusic-evenements-musicaux\/\">#CDNMusic \u00c9v\u00e9nements musicaux<\/a><\/h1>\n<h1 style=\"text-align: center;\"><a href=\"http:\/\/resound.ca\/fr\/cdnmusic-producteurs-de-disques\/\">#CDNMusic Producteurs de disques<\/a><\/h1>\n<h1 style=\"text-align: center;\"><a href=\"http:\/\/resound.ca\/fr\/cdnmusic-organisations-oeuvrant-dans-le-domaine-musical\/\">#CDNMusic Organisations<\/a><\/h1>\n<h1 style=\"text-align: center;\"><a href=\"http:\/\/resound.ca\/fr\/cdnmusic-ressources-musicales\/\">#CDNMusic Resources musicales<\/a><\/h1>\n","protected":false},"excerpt":{"rendered":"<p>Vous \u00eates un mordu de l\u2019industrie musicale canadienne? Suivez les comptes Twitter #CDNMusic pour les d\u00e9veloppements dans l\u2019industrie, la nouvelle musique canadienne, les possibilit\u00e9s et les mises \u00e0 jour. #CDNMusic \u00c9v\u00e9nements musicaux #CDNMusic Producteurs de disques #CDNMusic Organisations #CDNMusic Resources musicales<\/p>\n","protected":false},"author":15,"featured_media":0,"parent":0,"menu_order":0,"comment_status":"closed","ping_status":"open","template":"template-static.php","meta":{"footnotes":""},"class_list":["post-2052","page","type-page","status-publish","hentry"],"aioseo_notices":[],"_links":{"self":[{"href":"https:\/\/www.resound.ca\/fr\/wp-json\/wp\/v2\/pages\/2052","targetHints":{"allow":["GET"]}}],"collection":[{"href":"https:\/\/www.resound.ca\/fr\/wp-json\/wp\/v2\/pages"}],"about":[{"href":"https:\/\/www.resound.ca\/fr\/wp-json\/wp\/v2\/types\/page"}],"author":[{"embeddable":true,"href":"https:\/\/www.resound.ca\/fr\/wp-json\/wp\/v2\/users\/15"}],"replies":[{"embeddable":true,"href":"https:\/\/www.resound.ca\/fr\/wp-json\/wp\/v2\/comments?post=2052"}],"version-history":[{"count":0,"href":"https:\/\/www.resound.ca\/fr\/wp-json\/wp\/v2\/pages\/2052\/revisions"}],"wp:attachment":[{"href":"https:\/\/www.resound.ca\/fr\/wp-json\/wp\/v2\/media?parent=2052"}],"curies":[{"name":"wp","href":"https:\/\/api.w.org\/{rel}","templated":true}]}}