{"id":1578,"date":"2015-01-20T15:29:23","date_gmt":"2015-01-20T20:29:23","guid":{"rendered":"http:\/\/resound.pilotstage.com\/music-creators\/database\/"},"modified":"2020-04-21T16:08:44","modified_gmt":"2020-04-21T20:08:44","slug":"database","status":"publish","type":"page","link":"https:\/\/www.resound.ca\/fr\/music-creators\/database\/","title":{"rendered":"Base de donn\u00e9es"},"content":{"rendered":"<div class=\"center-column\">\n<p>&nbsp;<\/p>\n<p>Tous les enregistrements qui ont \u00e9t\u00e9 diffus\u00e9s ou les journaux d\u2019utilisateur fournis \u00e0 R\u00e9:Sonne sont pr\u00e9sents dans notre base de donn\u00e9es interrogeable.<\/p>\n<p>Si vous trouvez un titre auquel vous avez particip\u00e9, ou dont vous \u00eates propri\u00e9taire, et que vous \u00eates inscrit \u00e0 l\u2019une des organisations membres de R\u00e9:Sonne\u00a0: <a href=\"https:\/\/actraracs.ca\/\"><u>ACTRA RACS<\/u><\/a>, <a href=\"https:\/\/www.artisti.ca\/\"><u>Artisti<\/u><\/a> ou la <a href=\"https:\/\/musiciansrights.ca\/en\/?lang=fr\"><u>MROC<\/u><\/a> qui repr\u00e9sentent les artistes-interpr\u00e8tes, ou <a href=\"https:\/\/connectmusic.ca\/\"><u>Connect Music Licensing<\/u><\/a> ou la <a href=\"http:\/\/www.soproq.org\/\"><u>SOPROQ<\/u><\/a> qui repr\u00e9sentent les producteurs d\u2019enregistrements sonores, ou si vous \u00eates inscrit \u00e0 <a href=\"mailto:royalties@resound.ca\">R\u00e9:Sonne<\/a>, veuillez communiquer avec l\u2019une de ces organisations pour obtenir une aide suppl\u00e9mentaire.<\/p>\n<p>Si vous n\u2019\u00eates pas encore inscrit \u00e0 l\u2019une des organisations membres de R\u00e9:Sonne ou \u00e0 R\u00e9:Sonne, veuillez communiquer avec l\u2019organisation de votre choix pour obtenir plus d\u2019information.<\/p>\n<p>Des redevances ne sont pas attribu\u00e9es \u00e0 tous les enregistrements sonores. D\u00e9couvrez les <a href=\"\/fr\/eligibility\">conditions qui s\u2019appliquent<\/a>.<\/p>\n<\/div>\n<p>&nbsp;<\/p>\n<div class=\"logo-container\" style=\"{ display: grid; grid-template-columns: 1fr 1fr 1fr 1fr;\">\n<div class=\"logo\"><a href=\"https:\/\/www.artisti.ca\/\"><img decoding=\"async\" class=\"alignnone wp-image-4683 size-full\" src=\"http:\/\/www.resound.ca\/wp-content\/uploads\/2014\/11\/artisti-300x240.png\" alt=\"artistilogo\" width=\"138\" \/><\/a><\/div>\n<div class=\"logo\"><a href=\"https:\/\/musiciansrights.ca\/en\/?lang=fr?lang=fr\"><img decoding=\"async\" class=\"alignnone wp-image-4684 size-full\" src=\"http:\/\/www.resound.ca\/wp-content\/uploads\/2014\/11\/mroc-300x240.png\" width=\"138\" \/><\/a><\/div>\n<div class=\"logo\"><a href=\"https:\/\/actraracs.ca\/\"><img decoding=\"async\" class=\"alignnone wp-image-4685 size-full\" src=\"http:\/\/www.resound.ca\/wp-content\/uploads\/2014\/11\/racs-300x240.png\" alt=\"racs\" width=\"138\" \/><\/a><\/div>\n<div class=\"logo\"><a href=\"http:\/\/www.soproq.org\/\"><img decoding=\"async\" class=\"alignnone wp-image-4698 size-full\" src=\"https:\/\/www.resound.ca\/wp-content\/uploads\/2019\/03\/soproq_new_logo-300x229.png\" alt=\"SOPROQ\" width=\"138\" \/><\/a><\/div>\n<div class=\"logo\"><a href=\"https:\/\/connectmusic.ca\/\"><img decoding=\"async\" class=\"alignnone wp-image-4689 size-full\" src=\"http:\/\/www.resound.ca\/wp-content\/uploads\/2014\/11\/connect-300x228.png\" alt=\"connectresize\" width=\"138\" \/><\/a><\/div>\n<\/div>\n","protected":false},"excerpt":{"rendered":"<p>&nbsp; Tous les enregistrements qui ont \u00e9t\u00e9 diffus\u00e9s ou les journaux d\u2019utilisateur fournis \u00e0 R\u00e9:Sonne sont pr\u00e9sents dans notre base de donn\u00e9es interrogeable. Si vous trouvez un titre auquel vous avez particip\u00e9, ou dont vous \u00eates propri\u00e9taire, et que vous \u00eates inscrit \u00e0 l\u2019une des organisations membres de R\u00e9:Sonne\u00a0: ACTRA RACS, Artisti ou la MROC [&hellip;]<\/p>\n","protected":false},"author":1,"featured_media":0,"parent":812,"menu_order":0,"comment_status":"closed","ping_status":"open","template":"page-database.php","meta":{"footnotes":""},"class_list":["post-1578","page","type-page","status-publish","hentry"],"aioseo_notices":[],"_links":{"self":[{"href":"https:\/\/www.resound.ca\/fr\/wp-json\/wp\/v2\/pages\/1578","targetHints":{"allow":["GET"]}}],"collection":[{"href":"https:\/\/www.resound.ca\/fr\/wp-json\/wp\/v2\/pages"}],"about":[{"href":"https:\/\/www.resound.ca\/fr\/wp-json\/wp\/v2\/types\/page"}],"author":[{"embeddable":true,"href":"https:\/\/www.resound.ca\/fr\/wp-json\/wp\/v2\/users\/1"}],"replies":[{"embeddable":true,"href":"https:\/\/www.resound.ca\/fr\/wp-json\/wp\/v2\/comments?post=1578"}],"version-history":[{"count":4,"href":"https:\/\/www.resound.ca\/fr\/wp-json\/wp\/v2\/pages\/1578\/revisions"}],"predecessor-version":[{"id":5043,"href":"https:\/\/www.resound.ca\/fr\/wp-json\/wp\/v2\/pages\/1578\/revisions\/5043"}],"up":[{"embeddable":true,"href":"https:\/\/www.resound.ca\/fr\/wp-json\/wp\/v2\/pages\/812"}],"wp:attachment":[{"href":"https:\/\/www.resound.ca\/fr\/wp-json\/wp\/v2\/media?parent=1578"}],"curies":[{"name":"wp","href":"https:\/\/api.w.org\/{rel}","templated":true}]}}