{"id":1548,"date":"2015-01-19T13:39:44","date_gmt":"2015-01-19T18:39:44","guid":{"rendered":"http:\/\/resound.pilotstage.com\/eligibility-2\/"},"modified":"2022-03-22T13:41:18","modified_gmt":"2022-03-22T17:41:18","slug":"eligibility","status":"publish","type":"page","link":"https:\/\/www.resound.ca\/fr\/eligibility\/","title":{"rendered":"Crit\u00e8res d&rsquo;admissibilit\u00e9"},"content":{"rendered":"<p><strong>Crit\u00e8res d&rsquo;admissibilit\u00e9 pour l&rsquo;article\u00a019, Redevances<\/strong><br \/>\nLes artistes-interpr\u00e8tes et les maisons de\u00a0disques peuvent toucher des redevances\u00a0pour la diffusion ou l\u2019ex\u00e9cution publique de\u00a0leurs enregistrements sonores publi\u00e9s\u00a0seulement si les conditions suivantes sont\u00a0respect\u00e9es\u00a0:<\/p>\n<p>L\u2019enregistrement sonore doit avoir \u00e9t\u00e9 publi\u00e9 dans les 75 derni\u00e8res ann\u00e9es ou doit avoir \u00e9t\u00e9 enregistr\u00e9 dans les derni\u00e8res 100 ans; et<\/p>\n<p>(a) le producteur de l\u2019enregistrement\u00a0sonore (c.\u00e0.d. la maison de disques) \u00e9tait,\u00a0\u00e0 la date de l\u2019enregistrement, citoyen, ou\u00a0r\u00e9sident permanente, du Canada,\u00a0ou son\u00a0si\u00e8ge social \u00e9tait situ\u00e9\u00a0:<\/p>\n<ul>\n<li>\u00a0au Canada; ou<\/li>\n<li>\u00a0d\u2019un\u00a0pays qui a sign\u00e9 <a href=\"http:\/\/www.wipo.int\/treaties\/fr\/ip\/rome\/\" target=\"_blank\" rel=\"noopener noreferrer\">la Convention Rome<\/a>\u00a0ou <a href=\"http:\/\/www.wipo.int\/treaties\/fr\/ShowResults.jsp?treaty_id=20\" target=\"_blank\" rel=\"noopener noreferrer\">le Trait\u00e9 de l\u2019OMPI sur\u00a0les interpr\u00e9tations et ex\u00e9cutions de\u00a0phonogrammes<\/a>, dans la mesure o\u00f9\u00a0le ministre de l\u2019Industrie n\u2019a pas\u00a0limit\u00e9 le droit de ce pays au\u00a0Canada.<\/li>\n<\/ul>\n<p>ou<\/p>\n<p>(b)\u00a0L\u2019enregistrement sonore a eu lieu\u00a0enti\u00e8rement au Canada, ou dans un pays\u00a0partie \u00e0\u00a0la Convention de\u00a0Rome\u00a0ou\u00a0au\u00a0Trait\u00e9 de l\u2019OMPI sur les\u00a0interpr\u00e9tations et ex\u00e9cutions de\u00a0phonogrammes,\u00a0dans la mesure o\u00f9 le\u00a0ministre de l\u2019Industrie n\u2019a pas limit\u00e9 le droit\u00a0de ce pays au Canada.<\/p>\n<p>&nbsp;<\/p>\n<p>&nbsp;<\/p>\n","protected":false},"excerpt":{"rendered":"<p>Crit\u00e8res d&rsquo;admissibilit\u00e9 pour l&rsquo;article\u00a019, Redevances Les artistes-interpr\u00e8tes et les maisons de\u00a0disques peuvent toucher des redevances\u00a0pour la diffusion ou l\u2019ex\u00e9cution publique de\u00a0leurs enregistrements sonores publi\u00e9s\u00a0seulement si les conditions suivantes sont\u00a0respect\u00e9es\u00a0: L\u2019enregistrement sonore doit avoir \u00e9t\u00e9 publi\u00e9 dans les 75 derni\u00e8res ann\u00e9es ou doit avoir \u00e9t\u00e9 enregistr\u00e9 dans les derni\u00e8res 100 ans; et (a) le producteur de [&hellip;]<\/p>\n","protected":false},"author":15,"featured_media":0,"parent":0,"menu_order":0,"comment_status":"closed","ping_status":"open","template":"page-terms-use.php","meta":{"footnotes":""},"class_list":["post-1548","page","type-page","status-publish","hentry"],"aioseo_notices":[],"_links":{"self":[{"href":"https:\/\/www.resound.ca\/fr\/wp-json\/wp\/v2\/pages\/1548","targetHints":{"allow":["GET"]}}],"collection":[{"href":"https:\/\/www.resound.ca\/fr\/wp-json\/wp\/v2\/pages"}],"about":[{"href":"https:\/\/www.resound.ca\/fr\/wp-json\/wp\/v2\/types\/page"}],"author":[{"embeddable":true,"href":"https:\/\/www.resound.ca\/fr\/wp-json\/wp\/v2\/users\/15"}],"replies":[{"embeddable":true,"href":"https:\/\/www.resound.ca\/fr\/wp-json\/wp\/v2\/comments?post=1548"}],"version-history":[{"count":3,"href":"https:\/\/www.resound.ca\/fr\/wp-json\/wp\/v2\/pages\/1548\/revisions"}],"predecessor-version":[{"id":5402,"href":"https:\/\/www.resound.ca\/fr\/wp-json\/wp\/v2\/pages\/1548\/revisions\/5402"}],"wp:attachment":[{"href":"https:\/\/www.resound.ca\/fr\/wp-json\/wp\/v2\/media?parent=1548"}],"curies":[{"name":"wp","href":"https:\/\/api.w.org\/{rel}","templated":true}]}}