{"id":5248,"date":"2021-06-16T16:10:18","date_gmt":"2021-06-16T20:10:18","guid":{"rendered":"https:\/\/www.resound.ca\/?page_id=5248"},"modified":"2021-06-16T16:10:18","modified_gmt":"2021-06-16T20:10:18","slug":"equipe","status":"publish","type":"page","link":"http:\/\/www.resound.ca\/fr\/what-we-do\/equipe\/","title":{"rendered":"\u00c9quipe"},"content":{"rendered":"<p style=\"text-align: center;\">Notre \u00e9quipe est compos\u00e9e de professionnels talentueux dont la passion les pousse \u00e0 faire une \u00e9norme diff\u00e9rence dans la vie des musiciens et \u00e0 assurer le succ\u00e8s continu de l&rsquo;industrie musicale canadienne. Notre groupe diversifi\u00e9 de d\u00e9voreurs de donn\u00e9es, de sp\u00e9cialistes en octroi de licences et de d\u00e9fenseurs de la musique est \u00e9clair\u00e9 par nos\u00a0<a href=\"\/fr\/core-values\/\">valeurs fondamentales<\/a> d&rsquo;\u00e9quit\u00e9, de transparence, d&rsquo;efficacit\u00e9 et de dynamisme ainsi que par l&rsquo;importance donn\u00e9e aux artistes-interpr\u00e8tes et aux cr\u00e9ateurs de musique.<\/p>\n","protected":false},"excerpt":{"rendered":"<p>Notre \u00e9quipe est compos\u00e9e de professionnels talentueux dont la passion les pousse \u00e0 faire une \u00e9norme diff\u00e9rence dans la vie des musiciens et \u00e0 assurer le succ\u00e8s continu de l&rsquo;industrie musicale canadienne. Notre groupe diversifi\u00e9 de d\u00e9voreurs de donn\u00e9es, de sp\u00e9cialistes en octroi de licences et de d\u00e9fenseurs de la musique est \u00e9clair\u00e9 par nos\u00a0valeurs [&hellip;]<\/p>\n","protected":false},"author":19,"featured_media":0,"parent":939,"menu_order":0,"comment_status":"closed","ping_status":"closed","template":"page-people.php","meta":{"footnotes":""},"class_list":["post-5248","page","type-page","status-publish","hentry"],"aioseo_notices":[],"_links":{"self":[{"href":"http:\/\/www.resound.ca\/fr\/wp-json\/wp\/v2\/pages\/5248","targetHints":{"allow":["GET"]}}],"collection":[{"href":"http:\/\/www.resound.ca\/fr\/wp-json\/wp\/v2\/pages"}],"about":[{"href":"http:\/\/www.resound.ca\/fr\/wp-json\/wp\/v2\/types\/page"}],"author":[{"embeddable":true,"href":"http:\/\/www.resound.ca\/fr\/wp-json\/wp\/v2\/users\/19"}],"replies":[{"embeddable":true,"href":"http:\/\/www.resound.ca\/fr\/wp-json\/wp\/v2\/comments?post=5248"}],"version-history":[{"count":1,"href":"http:\/\/www.resound.ca\/fr\/wp-json\/wp\/v2\/pages\/5248\/revisions"}],"predecessor-version":[{"id":5284,"href":"http:\/\/www.resound.ca\/fr\/wp-json\/wp\/v2\/pages\/5248\/revisions\/5284"}],"up":[{"embeddable":true,"href":"http:\/\/www.resound.ca\/fr\/wp-json\/wp\/v2\/pages\/939"}],"wp:attachment":[{"href":"http:\/\/www.resound.ca\/fr\/wp-json\/wp\/v2\/media?parent=5248"}],"curies":[{"name":"wp","href":"https:\/\/api.w.org\/{rel}","templated":true}]}}