{"id":3210,"date":"2015-10-24T16:42:38","date_gmt":"2015-10-24T20:42:38","guid":{"rendered":"http:\/\/www.resound.ca\/fr\/?page_id=3210"},"modified":"2024-08-13T15:57:44","modified_gmt":"2024-08-13T19:57:44","slug":"bienfaisance","status":"publish","type":"page","link":"http:\/\/www.resound.ca\/fr\/what-we-do\/bienfaisance\/","title":{"rendered":"Bienfaisance"},"content":{"rendered":"<p>Chez R\u00e9:Sonne, nous prenons la responsabilit\u00e9 sociale tr\u00e8s au s\u00e9rieux et nous avons \u00e0 c\u0153ur de redonner \u00e0 la communaut\u00e9. C\u2019est pourquoi nous accordons \u00e0 chacun de nos employ\u00e9s une journ\u00e9e de b\u00e9n\u00e9volat \u00e0 consacrer \u00e0 l\u2019organisme de bienfaisance de son choix.<\/p>\n<p>Notre croyance en la valeur sociale de la musique est la source d\u2019inspiration de Re:Wind, notre concert-b\u00e9n\u00e9fice annuel.<\/p>\n<p>Re:Wind est un \u00e9v\u00e9nement mont\u00e9 enti\u00e8rement par les employ\u00e9s de R\u00e9:Sonne, o\u00f9, l\u2019espace d\u2019un soir, des repr\u00e9sentants de diff\u00e9rentes organisations au sein de l\u2019industrie de la musique troquent leur bureau pour la sc\u00e8ne et participent ainsi activement au soutien de grandes causes.<\/p>\n<p>Depuis sa fondation en\u00a02012, Re:Wind a permis de recueillir plus de 300\u00a0000\u00a0$ \u00e0 des fins caritatives.<\/p>\n<p>&nbsp;<\/p>\n","protected":false},"excerpt":{"rendered":"<p>Chez R\u00e9:Sonne, nous prenons la responsabilit\u00e9 sociale tr\u00e8s au s\u00e9rieux et nous avons \u00e0 c\u0153ur de redonner \u00e0 la communaut\u00e9. C\u2019est pourquoi nous accordons \u00e0 chacun de nos employ\u00e9s une journ\u00e9e de b\u00e9n\u00e9volat \u00e0 consacrer \u00e0 l\u2019organisme de bienfaisance de son choix. Notre croyance en la valeur sociale de la musique est la source d\u2019inspiration [&hellip;]<\/p>\n","protected":false},"author":8,"featured_media":0,"parent":939,"menu_order":0,"comment_status":"closed","ping_status":"closed","template":"page-charity.php","meta":{"footnotes":""},"class_list":["post-3210","page","type-page","status-publish","hentry"],"aioseo_notices":[],"_links":{"self":[{"href":"http:\/\/www.resound.ca\/fr\/wp-json\/wp\/v2\/pages\/3210","targetHints":{"allow":["GET"]}}],"collection":[{"href":"http:\/\/www.resound.ca\/fr\/wp-json\/wp\/v2\/pages"}],"about":[{"href":"http:\/\/www.resound.ca\/fr\/wp-json\/wp\/v2\/types\/page"}],"author":[{"embeddable":true,"href":"http:\/\/www.resound.ca\/fr\/wp-json\/wp\/v2\/users\/8"}],"replies":[{"embeddable":true,"href":"http:\/\/www.resound.ca\/fr\/wp-json\/wp\/v2\/comments?post=3210"}],"version-history":[{"count":11,"href":"http:\/\/www.resound.ca\/fr\/wp-json\/wp\/v2\/pages\/3210\/revisions"}],"predecessor-version":[{"id":6318,"href":"http:\/\/www.resound.ca\/fr\/wp-json\/wp\/v2\/pages\/3210\/revisions\/6318"}],"up":[{"embeddable":true,"href":"http:\/\/www.resound.ca\/fr\/wp-json\/wp\/v2\/pages\/939"}],"wp:attachment":[{"href":"http:\/\/www.resound.ca\/fr\/wp-json\/wp\/v2\/media?parent=3210"}],"curies":[{"name":"wp","href":"https:\/\/api.w.org\/{rel}","templated":true}]}}